{"id":11752,"date":"2025-04-15T03:36:15","date_gmt":"2025-04-15T01:36:15","guid":{"rendered":"https:\/\/www.taf-taucharbeiten.ch\/nos-services\/linspection-des-canalisations-et-la-mesure-laser-crawler-a-150\/"},"modified":"2025-04-15T03:37:38","modified_gmt":"2025-04-15T01:37:38","slug":"linspection-des-canalisations-et-la-mesure-laser-crawler-a-150","status":"publish","type":"page","link":"https:\/\/www.taf-taucharbeiten.ch\/fr\/nos-services\/linspection-des-canalisations-et-la-mesure-laser-crawler-a-150\/","title":{"rendered":"L&rsquo;inspection des canalisations et la mesure laser, Crawler A-150"},"content":{"rendered":"<section class=\"l-section wpb_row height_auto width_full\"><div class=\"l-section-h i-cf\"><div class=\"g-cols vc_row via_flex valign_top type_default stacking_default\"><div class=\"vc_col-sm-12 wpb_column vc_column_container\"><div class=\"vc_column-inner\"><div class=\"wpb_wrapper\">\n\t\t\t\t<p class=\"rs-p-wp-fix\"><\/p>\n\t\t\t\t<sr7-module data-alias=\"inspektionen-ortungen-und-reinigungen-rov-1\" data-id=\"33\" id=\"SR7_33_1\" class=\"rs-ov-hidden\" data-version=\"6.7.41\">\n\t\t\t\t\t<sr7-adjuster><\/sr7-adjuster>\n\t\t\t\t\t<sr7-content>\n\t\t\t\t\t\t<sr7-slide id=\"SR7_33_1-138\" data-key=\"138\">\n\t\t\t\t\t\t\t<sr7-bg id=\"SR7_33_1-138-1\" class=\"sr7-layer\"><noscript><img decoding=\"async\" src=\"https:\/\/www.taf-taucharbeiten.ch\/wp-content\/uploads\/2025\/04\/Rohrinspektionen-und-Laser-Vermessungen-mit-dem-Deep-Trekker-Crawler-A-150-01.jpg\" alt=\"Rohrinspektionen und Laser-Vermessungen mit dem Deep Trekker Crawler A-150\" title=\"Rohrinspektionen und Laser-Vermessungen mit dem Deep Trekker Crawler A-150\"><\/noscript><\/sr7-bg>\n\t\t\t\t\t\t\t<h1 id=\"SR7_33_1-138-0\" class=\"sr7-layer\">Inspection des canalisations,\nCrawler A-150<\/h1>\n\t\t\t\t\t\t<\/sr7-slide>\n\t\t\t\t\t\t<sr7-slide id=\"SR7_33_1-140\" data-key=\"140\">\n\t\t\t\t\t\t<\/sr7-slide>\n\t\t\t\t\t<\/sr7-content>\n\t\t\t\t\t<image_lists style=\"display:none\">\n\t\t\t\t\t\t<img data-src=\"\/\/www.taf-taucharbeiten.ch\/wp-content\/uploads\/2025\/04\/Rohrinspektionen-und-Laser-Vermessungen-mit-dem-Deep-Trekker-Crawler-A-150-01.jpg\" data-libid=\"11713\" data-lib=\"medialibrary\" alt=\"Rohrinspektionen und Laser-Vermessungen mit dem Deep Trekker Crawler A-150\" title=\"Rohrinspektionen und Laser-Vermessungen mit dem Deep Trekker Crawler A-150\" width=\"0\" height=\"0\" data-dbsrc=\"Ly93d3cudGFmLXRhdWNoYXJiZWl0ZW4uY2gvd3AtY29udGVudC91cGxvYWRzLzIwMjUvMDQvUm9ocmluc3Bla3Rpb25lbi11bmQtTGFzZXItVmVybWVzc3VuZ2VuLW1pdC1kZW0tRGVlcC1UcmVra2VyLUNyYXdsZXItQS0xNTAtMDEuanBn\"\/>\n\t\t\t\t\t<\/image_lists>\n\t\t\t\t<\/sr7-module>\n\t\t\t\t<script>\n\t\t\t\t\tSR7.PMH ??={}; SR7.PMH[\"SR7_33_1\"] = {cn:100,state:false,fn: function() { if (_tpt!==undefined && _tpt.prepareModuleHeight !== undefined) {  _tpt.prepareModuleHeight({id:\"SR7_33_1\",el:[650,650,768,960,720],type:'hero',shdw:'0',gh:[650,650,347,264,163],gw:[1920,1920,1024,778,480],vpt:['-200px'],size:{fullWidth:true, fullHeight:false},mh:'0',onh:0,onw:0,bg:{color:'{\"orig\":\"transparent\",\"type\":\"solid\",\"string\":\"transparent\"}'},plType:'0',plColor:'#FFFFFF'});   SR7.PMH[\"SR7_33_1\"].state=true;} else if(SR7.PMH[\"SR7_33_1\"].cn-->0)\tsetTimeout( SR7.PMH[\"SR7_33_1\"].fn,19);}};SR7.PMH[\"SR7_33_1\" ].fn();\n\t\t\t\t<\/script>\n<\/div><\/div><\/div><\/div><\/div><\/section><section class=\"l-section wpb_row height_medium\"><div class=\"l-section-h i-cf\"><div class=\"g-cols vc_row via_flex valign_top type_default stacking_default\"><div class=\"vc_col-sm-9 wpb_column vc_column_container\"><div class=\"vc_column-inner\"><div class=\"wpb_wrapper\"><div class=\"wpb_text_column\"><div class=\"wpb_wrapper\"><h2>L&rsquo;inspection des canalisations et la mesure laser<br \/>\navev Crawler A-150<\/h2>\n<\/div><\/div><div class=\"wpb_text_column\"><div class=\"wpb_wrapper\"><p class=\"myowntext\">D\u00e9couvrez une nouvelle dimension de l&rsquo;inspection des canalisations avec le Deep Trekker Crawler A-150. Ce crawler puissant a \u00e9t\u00e9 sp\u00e9cialement con\u00e7u pour l&rsquo;inspection des tuyaux dans des environnements exigeants et offre une solution fiable pour un large \u00e9ventail de besoins en inspection de canalisations.<\/p>\n<\/div><\/div><div class=\"w-separator size_small\"><\/div><div class=\"wpb_text_column\"><div class=\"wpb_wrapper\"><p class=\"myowntext\"><strong>Caract\u00e9ristiques et avantages:<\/strong><\/p>\n<ol>\n<li><strong>Crawler robuste pour canalisations<\/strong>: Le Crawler A-150 est \u00e9quip\u00e9 d&rsquo;un entra\u00eenement \u00e0 chenilles fiable, lui permettant de se d\u00e9placer avec pr\u00e9cision dans des tuyaux de diam\u00e8tre compris entre 150 mm et 450 mm.<\/li>\n<li><strong>Cam\u00e9ra haute r\u00e9solution<\/strong>: Gr\u00e2ce \u00e0 une cam\u00e9ra HD int\u00e9gr\u00e9e, il capture des images et des vid\u00e9os en temps r\u00e9el d&rsquo;une grande nettet\u00e9, permettant des inspections d\u00e9taill\u00e9es de l&rsquo;int\u00e9rieur des canalisations et la collecte de donn\u00e9es pr\u00e9cises.<\/li>\n<li><strong>Syst\u00e8me de mesure laser<\/strong>: Le Crawler A-150 est dot\u00e9 d&rsquo;un syst\u00e8me de mesure laser int\u00e9gr\u00e9, permettant d&rsquo;effectuer des mesures pr\u00e9cises et d&rsquo;obtenir des informations compl\u00e9mentaires lors de l&rsquo;inspection.<\/li>\n<li><strong>Applications polyvalentes<\/strong>: Le Crawler A-150 est adapt\u00e9 \u00e0 diverses applications d&rsquo;inspection, y compris l&rsquo;examen des r\u00e9seaux d&rsquo;\u00e9gouts, des ol\u00e9oducs, des syst\u00e8mes d&rsquo;approvisionnement en eau, des conduites industrielles, des puits d&rsquo;eau potable, des drains horizontaux filtrants, des conduites sous-marines et des canalisations d&rsquo;eaux us\u00e9es.<\/li>\n<li><strong>Grande port\u00e9e<\/strong>: Capable d&rsquo;inspecter des canalisations jusqu&rsquo;\u00e0 310 m de longueur, le Crawler A-150 offre une solution efficace pour l&rsquo;inspection des grands r\u00e9seaux de canalisations.<\/li>\n<li><strong>Optimis\u00e9 pour l&rsquo;inspection des moules quagga<\/strong>: Gr\u00e2ce \u00e0 sa conception robuste et \u00e0 son adaptabilit\u00e9 \u00e0 diff\u00e9rents environnements, le Crawler A-150 est id\u00e9al pour l&rsquo;inspection des moules quagga.<\/li>\n<li><strong>Commande intuitive<\/strong>: Sa t\u00e9l\u00e9commande intuitive permet un contr\u00f4le simple et pr\u00e9cis, m\u00eame dans les environnements de canalisation les plus \u00e9troits.<\/li>\n<li><strong>Conception robuste<\/strong>: Construit pour r\u00e9sister aux conditions extr\u00eames, le Crawler A-150 garantit une performance fiable et une longue dur\u00e9e de vie.<\/li>\n<\/ol>\n<\/div><\/div><div class=\"w-separator size_small\"><\/div><div class=\"g-cols wpb_row via_flex valign_top type_default stacking_default\"><div class=\"vc_col-sm-6 wpb_column vc_column_container\"><div class=\"vc_column-inner\"><div class=\"wpb_wrapper\"><div class=\"wpb_text_column\"><div class=\"wpb_wrapper\"><p class=\"myowntext\"><strong>Domaines d\u2019application:<\/strong><\/p>\n<ul class=\"myownul\">\n<li>Inspection des r\u00e9seaux d&rsquo;\u00e9gouts<\/li>\n<li>V\u00e9rification des ol\u00e9oducs et gazoducs<\/li>\n<li>Inspections de maintenance des conduites industrielles<\/li>\n<li>Analyse des syst\u00e8mes d&rsquo;approvisionnement en eau<\/li>\n<li>Surveillance des conduites dans les installations chimiques et centrales \u00e9lectriques<\/li>\n<li>Inspection des puits d&rsquo;eau potable et des drains horizontaux filtrants<\/li>\n<li>Inspection des conduites sous-marines et des canalisations d\u2019eaux us\u00e9es<\/li>\n<li>Inspection des moules quagga<\/li>\n<\/ul>\n<\/div><\/div><\/div><\/div><\/div><div class=\"vc_col-sm-6 wpb_column vc_column_container\"><div class=\"vc_column-inner\"><div class=\"wpb_wrapper\"><div class=\"wpb_text_column\"><div class=\"wpb_wrapper\"><p class=\"myowntext\"><strong>Sp\u00e9cifications techniques:<\/strong><\/p>\n<ul class=\"myownul\">\n<li>Profondeur maximale d\u2019immersion: 60 m<\/li>\n<li>Port\u00e9e d\u2019inspection maximale: Tuyaux jusqu&rsquo;\u00e0 310 m de longueur<\/li>\n<li>Poids: Environ 13 kg<\/li>\n<li>Dimensions: Adapt\u00e9 aux tuyaux de 150 mm \u00e0 450 mm de diam\u00e8tre<\/li>\n<li>Autonomie de la batterie: Jusqu&rsquo;\u00e0 8 heures par charge<\/li>\n<\/ul>\n<\/div><\/div><\/div><\/div><\/div><\/div><div class=\"w-separator size_small\"><\/div><div class=\"w-grid us_grid type_grid layout_gallery_default cols_2 preload_style_spinner\" id=\"us_grid_1\" style=\"--columns:2;--gap:0.5rem;\" data-filterable=\"true\"><style>@media (max-width:600px){#us_grid_1{--columns:1!important}}.layout_gallery_default .w-grid-item-h{}<\/style><div class=\"w-grid-list\">\t<article class=\"w-grid-item size_1x1 post-11734 attachment type-attachment status-inherit hentry\" data-id=\"11734\">\r\n\t\t<div class=\"w-grid-item-h\">\r\n\t\t\t\t\t\t\t<a ref=\"magnificPopupGrid\" href=\"https:\/\/www.taf-taucharbeiten.ch\/wp-content\/uploads\/2025\/04\/Rohrinspektionen-und-Laser-Vermessungen-mit-dem-Deep-Trekker-Crawler-A-150-03.jpg\" class=\"w-grid-item-anchor\" aria-label=\"Rohrinspektionen und Laser-Vermessungen mit dem Deep Trekker Crawler A-150 03\"><\/a>\r\n\t\t\t\t\t\t<div class=\"w-post-elm post_image usg_post_image_1 stretched\"><img loading=\"lazy\" decoding=\"async\" width=\"1200\" height=\"800\" src=\"https:\/\/www.taf-taucharbeiten.ch\/wp-content\/uploads\/2025\/04\/Rohrinspektionen-und-Laser-Vermessungen-mit-dem-Deep-Trekker-Crawler-A-150-03.jpg\" class=\"attachment-full size-full\" alt=\"\" srcset=\"https:\/\/www.taf-taucharbeiten.ch\/wp-content\/uploads\/2025\/04\/Rohrinspektionen-und-Laser-Vermessungen-mit-dem-Deep-Trekker-Crawler-A-150-03.jpg 1200w, https:\/\/www.taf-taucharbeiten.ch\/wp-content\/uploads\/2025\/04\/Rohrinspektionen-und-Laser-Vermessungen-mit-dem-Deep-Trekker-Crawler-A-150-03-300x200.jpg 300w, https:\/\/www.taf-taucharbeiten.ch\/wp-content\/uploads\/2025\/04\/Rohrinspektionen-und-Laser-Vermessungen-mit-dem-Deep-Trekker-Crawler-A-150-03-1024x683.jpg 1024w, https:\/\/www.taf-taucharbeiten.ch\/wp-content\/uploads\/2025\/04\/Rohrinspektionen-und-Laser-Vermessungen-mit-dem-Deep-Trekker-Crawler-A-150-03-445x297.jpg 445w\" sizes=\"auto, (max-width: 1200px) 100vw, 1200px\" \/><\/div>\t\t<\/div>\r\n\t\t\t<\/article>\r\n\t<article class=\"w-grid-item size_1x1 post-11737 attachment type-attachment status-inherit hentry\" data-id=\"11737\">\r\n\t\t<div class=\"w-grid-item-h\">\r\n\t\t\t\t\t\t\t<a ref=\"magnificPopupGrid\" href=\"https:\/\/www.taf-taucharbeiten.ch\/wp-content\/uploads\/2025\/04\/Rohrinspektionen-und-Laser-Vermessungen-mit-dem-Deep-Trekker-Crawler-A-150-04.jpg\" class=\"w-grid-item-anchor\" aria-label=\"DT340 in a pipe on a mission in tpv.\"><\/a>\r\n\t\t\t\t\t\t<div class=\"w-post-elm post_image usg_post_image_1 stretched\"><img loading=\"lazy\" decoding=\"async\" width=\"1200\" height=\"800\" src=\"https:\/\/www.taf-taucharbeiten.ch\/wp-content\/uploads\/2025\/04\/Rohrinspektionen-und-Laser-Vermessungen-mit-dem-Deep-Trekker-Crawler-A-150-04.jpg\" class=\"attachment-full size-full\" alt=\"\" srcset=\"https:\/\/www.taf-taucharbeiten.ch\/wp-content\/uploads\/2025\/04\/Rohrinspektionen-und-Laser-Vermessungen-mit-dem-Deep-Trekker-Crawler-A-150-04.jpg 1200w, https:\/\/www.taf-taucharbeiten.ch\/wp-content\/uploads\/2025\/04\/Rohrinspektionen-und-Laser-Vermessungen-mit-dem-Deep-Trekker-Crawler-A-150-04-300x200.jpg 300w, https:\/\/www.taf-taucharbeiten.ch\/wp-content\/uploads\/2025\/04\/Rohrinspektionen-und-Laser-Vermessungen-mit-dem-Deep-Trekker-Crawler-A-150-04-1024x683.jpg 1024w, https:\/\/www.taf-taucharbeiten.ch\/wp-content\/uploads\/2025\/04\/Rohrinspektionen-und-Laser-Vermessungen-mit-dem-Deep-Trekker-Crawler-A-150-04-445x297.jpg 445w\" sizes=\"auto, (max-width: 1200px) 100vw, 1200px\" \/><\/div>\t\t<\/div>\r\n\t\t\t<\/article>\r\n\t<article class=\"w-grid-item size_1x1 post-11731 attachment type-attachment status-inherit hentry\" data-id=\"11731\">\r\n\t\t<div class=\"w-grid-item-h\">\r\n\t\t\t\t\t\t\t<a ref=\"magnificPopupGrid\" href=\"https:\/\/www.taf-taucharbeiten.ch\/wp-content\/uploads\/2025\/04\/Rohrinspektionen-und-Laser-Vermessungen-mit-dem-Deep-Trekker-Crawler-A-150-02.jpg\" class=\"w-grid-item-anchor\" aria-label=\"DCIM100GOPROGP010200.JPG\"><\/a>\r\n\t\t\t\t\t\t<div class=\"w-post-elm post_image usg_post_image_1 stretched\"><img loading=\"lazy\" decoding=\"async\" width=\"1200\" height=\"800\" src=\"https:\/\/www.taf-taucharbeiten.ch\/wp-content\/uploads\/2025\/04\/Rohrinspektionen-und-Laser-Vermessungen-mit-dem-Deep-Trekker-Crawler-A-150-02.jpg\" class=\"attachment-full size-full\" alt=\"\" srcset=\"https:\/\/www.taf-taucharbeiten.ch\/wp-content\/uploads\/2025\/04\/Rohrinspektionen-und-Laser-Vermessungen-mit-dem-Deep-Trekker-Crawler-A-150-02.jpg 1200w, https:\/\/www.taf-taucharbeiten.ch\/wp-content\/uploads\/2025\/04\/Rohrinspektionen-und-Laser-Vermessungen-mit-dem-Deep-Trekker-Crawler-A-150-02-300x200.jpg 300w, https:\/\/www.taf-taucharbeiten.ch\/wp-content\/uploads\/2025\/04\/Rohrinspektionen-und-Laser-Vermessungen-mit-dem-Deep-Trekker-Crawler-A-150-02-1024x683.jpg 1024w, https:\/\/www.taf-taucharbeiten.ch\/wp-content\/uploads\/2025\/04\/Rohrinspektionen-und-Laser-Vermessungen-mit-dem-Deep-Trekker-Crawler-A-150-02-445x297.jpg 445w\" sizes=\"auto, (max-width: 1200px) 100vw, 1200px\" \/><\/div>\t\t<\/div>\r\n\t\t\t<\/article>\r\n<\/div>\t<div class=\"w-grid-preloader\">\r\n\t\t<div class=\"g-preloader type_1\">\r\n\t\t\t<div><\/div>\r\n\t\t<\/div>\r\n\t<\/div>\r\n\t\t<div class=\"w-grid-json hidden\" onclick='return {&quot;action&quot;:&quot;us_ajax_grid&quot;,&quot;infinite_scroll&quot;:0,&quot;max_num_pages&quot;:1,&quot;pagination&quot;:&quot;none&quot;,&quot;template_vars&quot;:{&quot;columns&quot;:&quot;2&quot;,&quot;exclude_items&quot;:&quot;none&quot;,&quot;img_size&quot;:&quot;full&quot;,&quot;ignore_items_size&quot;:0,&quot;items_layout&quot;:&quot;gallery_default&quot;,&quot;items_offset&quot;:&quot;1&quot;,&quot;load_animation&quot;:&quot;none&quot;,&quot;overriding_link&quot;:&quot;%7B%22type%22%3A%22popup_image%22%7D&quot;,&quot;post_id&quot;:0,&quot;query_args&quot;:{&quot;post_type&quot;:[&quot;attachment&quot;],&quot;post__in&quot;:[&quot;11729&quot;,&quot;11732&quot;,&quot;11735&quot;],&quot;post_status&quot;:&quot;inherit&quot;,&quot;post_mime_type&quot;:&quot;image&quot;,&quot;posts_per_page&quot;:&quot;6&quot;},&quot;orderby_query_args&quot;:{&quot;orderby&quot;:&quot;RAND(2066969691)&quot;},&quot;type&quot;:&quot;grid&quot;,&quot;us_grid_post_type&quot;:&quot;attachment&quot;,&quot;us_grid_ajax_index&quot;:1,&quot;us_grid_filter_query_string&quot;:null,&quot;us_grid_index&quot;:1,&quot;page_args&quot;:[],&quot;lang&quot;:&quot;fr&quot;}}'><\/div>\r\n\t<\/div><\/div><\/div><\/div><div class=\"vc_col-sm-3 wpb_column vc_column_container\"><div class=\"vc_column-inner\"><div class=\"wpb_wrapper\"><section class=\"l-section wpb_row height_auto width_full\"><div class=\"l-section-h i-cf\"><div class=\"g-cols vc_row via_flex valign_top type_default stacking_default\"><div class=\"vc_col-sm-12 wpb_column vc_column_container\"><div class=\"vc_column-inner\"><div class=\"wpb_wrapper\"><div class=\"wpb_text_column\"><div class=\"wpb_wrapper\"><h2>Nos services<\/h2>\n<\/div><\/div><div class=\"w-separator size_medium\"><\/div><nav class=\"w-menu layout_ver style_links us_menu_1\" style=\"--main-gap:1.5rem;--main-ver-indent:0.8em;--main-hor-indent:0.8em;--main-color:inherit;\"><ul id=\"menu-dienstleistungen-franzoesisch\" class=\"menu\"><li id=\"menu-item-8422\" class=\"menu-item menu-item-type-post_type menu-item-object-page menu-item-8422\"><a href=\"https:\/\/www.taf-taucharbeiten.ch\/fr\/nos-services\/centrales-nucleaires\/\">Centrales nucl\u00e9aires<\/a><\/li><li id=\"menu-item-9380\" class=\"menu-item menu-item-type-post_type menu-item-object-page menu-item-9380\"><a href=\"https:\/\/www.taf-taucharbeiten.ch\/fr\/nos-services\/conduites-sous-lacustres\/\">Conduites sous-lacustres<\/a><\/li><li id=\"menu-item-8424\" class=\"menu-item menu-item-type-post_type menu-item-object-page menu-item-8424\"><a href=\"https:\/\/www.taf-taucharbeiten.ch\/fr\/nos-services\/construction-de-pontons-et-ponts\/\">Construction de pontons et ponts<\/a><\/li><li id=\"menu-item-8423\" class=\"menu-item menu-item-type-post_type menu-item-object-page menu-item-8423\"><a href=\"https:\/\/www.taf-taucharbeiten.ch\/fr\/nos-services\/installations-industrielles\/\">Installations industrielles<\/a><\/li><li id=\"menu-item-11762\" class=\"menu-item menu-item-type-post_type menu-item-object-page menu-item-11762\"><a href=\"https:\/\/www.taf-taucharbeiten.ch\/fr\/nos-services\/les-inspections-la-localisation-et-lesa-nettoyages-rov\/\">Les inspections, la localisation et lesa nettoyages ROV<\/a><\/li><li id=\"menu-item-11761\" class=\"menu-item menu-item-type-post_type menu-item-object-page menu-item-11761\"><a href=\"https:\/\/www.taf-taucharbeiten.ch\/fr\/nos-services\/linspection-des-canalisations-et-la-mesure-laser-crawler-a-150\/\">L\u2019inspection des canalisations et la mesure laser, Crawler A-150<\/a><\/li><li id=\"menu-item-9379\" class=\"menu-item menu-item-type-post_type menu-item-object-page menu-item-9379\"><a href=\"https:\/\/www.taf-taucharbeiten.ch\/fr\/nos-services\/moules-quagga-et-de-type-zebre\/\">Moules Quagga et de type z\u00e8bre<\/a><\/li><li id=\"menu-item-8428\" class=\"menu-item menu-item-type-post_type menu-item-object-page menu-item-8428\"><a href=\"https:\/\/www.taf-taucharbeiten.ch\/fr\/nos-services\/mta-pipe-electroscan\/\">MTA Pipe Electroscan<\/a><\/li><li id=\"menu-item-8427\" class=\"menu-item menu-item-type-post_type menu-item-object-page menu-item-8427\"><a href=\"https:\/\/www.taf-taucharbeiten.ch\/fr\/nos-services\/mta-pipe-inspector\/\">MTA Pipe Inspector<\/a><\/li><li id=\"menu-item-9964\" class=\"menu-item menu-item-type-post_type menu-item-object-page menu-item-9964\"><a href=\"https:\/\/www.taf-taucharbeiten.ch\/fr\/nos-services\/multibeam\/\">Multibeam<\/a><\/li><li id=\"menu-item-11869\" class=\"menu-item menu-item-type-post_type menu-item-object-page menu-item-11869\"><a href=\"https:\/\/www.taf-taucharbeiten.ch\/fr\/nos-services\/lutte-contre-les-neophytes\/\">Lutte contre les n\u00e9ophytes<\/a><\/li><li id=\"menu-item-9378\" class=\"menu-item menu-item-type-post_type menu-item-object-page menu-item-9378\"><a href=\"https:\/\/www.taf-taucharbeiten.ch\/fr\/nos-services\/pelle-araignee-menzi-muck\/\">Pelle araign\u00e9e Menzi Muck<\/a><\/li><li id=\"menu-item-8418\" class=\"menu-item menu-item-type-post_type menu-item-object-page menu-item-8418\"><a href=\"https:\/\/www.taf-taucharbeiten.ch\/fr\/nos-services\/renovation-des-berges-murs-et-ouvrages\/\">R\u00e9novation des berges, murs et ouvrages<\/a><\/li><li id=\"menu-item-8421\" class=\"menu-item menu-item-type-post_type menu-item-object-page menu-item-8421\"><a href=\"https:\/\/www.taf-taucharbeiten.ch\/fr\/nos-services\/stations-depuration-des-eaux-usees\/\">Stations d\u2019\u00e9puration des eaux us\u00e9es<\/a><\/li><li id=\"menu-item-8420\" class=\"menu-item menu-item-type-post_type menu-item-object-page menu-item-8420\"><a href=\"https:\/\/www.taf-taucharbeiten.ch\/fr\/nos-services\/travaux-amphibiques\/\">Travaux amphibiques<\/a><\/li><li id=\"menu-item-8417\" class=\"menu-item menu-item-type-post_type menu-item-object-page menu-item-8417\"><a href=\"https:\/\/www.taf-taucharbeiten.ch\/fr\/nos-services\/travaux-de-construction-demolition-sous-marins\/\">Travaux de construction \/ d\u00e9molition sous-marins<\/a><\/li><li id=\"menu-item-8425\" class=\"menu-item menu-item-type-post_type menu-item-object-page menu-item-8425\"><a href=\"https:\/\/www.taf-taucharbeiten.ch\/fr\/nos-services\/travaux-de-devasement-le-mudmaster\/\">Travaux de d\u00e9vasement: le Mudmaster<\/a><\/li><li id=\"menu-item-8419\" class=\"menu-item menu-item-type-post_type menu-item-object-page menu-item-8419\"><a href=\"https:\/\/www.taf-taucharbeiten.ch\/fr\/nos-services\/eau-potable\/\">Zone d&rsquo;eau potable<\/a><\/li><\/ul><style>@media ( max-width:600px ){.us_menu_1 .menu{display:block!important}.us_menu_1 .menu>li:not(:last-child){margin:0 0 var(--main-gap,1.5rem)!important}}<\/style><\/nav><div class=\"w-separator size_medium\"><\/div><div class=\"w-btn-wrapper align_center\"><a class=\"w-btn us-btn-style_11\" title=\"Demande de service\" href=\"\/fr\/demande-de-service\/\"><span class=\"w-btn-label\">Demande de service<\/span><\/a><\/div><div class=\"w-separator size_medium\"><\/div><div class=\"wpb_text_column\"><div class=\"wpb_wrapper\"><p><a href=\"\/wp-content\/uploads\/2025\/04\/TAF_Doku_FR_2025_mail.pdf\" target=\"_blank\" rel=\"noopener noreferrer\"><img loading=\"lazy\" decoding=\"async\" class=\"myresponsive aligncenter wp-image-8156 size-full\" title=\"T\u00e9l\u00e9charger le portrait de l'entreprise\" src=\"https:\/\/www.taf-taucharbeiten.ch\/wp-content\/uploads\/2020\/05\/Brochuere-DE-2021.png\" alt=\"Firmenportrait herunterladen\" width=\"400\" height=\"515\" srcset=\"https:\/\/www.taf-taucharbeiten.ch\/wp-content\/uploads\/2020\/05\/Brochuere-DE-2021.png 400w, https:\/\/www.taf-taucharbeiten.ch\/wp-content\/uploads\/2020\/05\/Brochuere-DE-2021-233x300.png 233w\" sizes=\"auto, (max-width: 400px) 100vw, 400px\" \/><\/a><\/p>\n<p class=\"myimagetext\">T\u00e9l\u00e9charger le portrait de l&rsquo;entreprise<\/p>\n<\/div><\/div><div class=\"w-separator size_small\"><\/div><div class=\"w-btn-wrapper align_center\"><a class=\"w-btn us-btn-style_1\" title=\"Brochure d&#039;entreprise interactive\" target=\"_blank\" rel=\"nofollow\" href=\"https:\/\/www.unserebroschuere.ch\/taf_fra\/WebView\/\"><span class=\"w-btn-label\">Brochure d&rsquo;entreprise interactive<\/span><\/a><\/div><\/div><\/div><\/div><\/div><\/div><\/section>\n<\/div><\/div><\/div><\/div><\/div><\/section>\n","protected":false},"excerpt":{"rendered":"<p>D\u00e9couvrez une nouvelle dimension de l&rsquo;inspection des canalisations avec le Deep Trekker Crawler A-150. Ce crawler puissant a \u00e9t\u00e9 sp\u00e9cialement con\u00e7u pour l&rsquo;inspection des tuyaux dans des environnements exigeants et offre une solution fiable pour un large \u00e9ventail de besoins en inspection de canalisations.<\/p>\n","protected":false},"author":5,"featured_media":11722,"parent":8345,"menu_order":0,"comment_status":"closed","ping_status":"closed","template":"","meta":{"_seopress_robots_primary_cat":"","_seopress_titles_title":"L'inspection des canalisations et la mesure laser, Crawler A-150","_seopress_titles_desc":"Ce crawler puissant a \u00e9t\u00e9 sp\u00e9cialement con\u00e7u pour l'inspection des tuyaux dans des environnements exigeants et offre une solution fiable pour un large \u00e9ventail de besoins en inspection de canalisations.","_seopress_robots_index":"","footnotes":""},"slider-kategorie":[],"class_list":["post-11752","page","type-page","status-publish","has-post-thumbnail","hentry"],"_links":{"self":[{"href":"https:\/\/www.taf-taucharbeiten.ch\/fr\/wp-json\/wp\/v2\/pages\/11752","targetHints":{"allow":["GET"]}}],"collection":[{"href":"https:\/\/www.taf-taucharbeiten.ch\/fr\/wp-json\/wp\/v2\/pages"}],"about":[{"href":"https:\/\/www.taf-taucharbeiten.ch\/fr\/wp-json\/wp\/v2\/types\/page"}],"author":[{"embeddable":true,"href":"https:\/\/www.taf-taucharbeiten.ch\/fr\/wp-json\/wp\/v2\/users\/5"}],"replies":[{"embeddable":true,"href":"https:\/\/www.taf-taucharbeiten.ch\/fr\/wp-json\/wp\/v2\/comments?post=11752"}],"version-history":[{"count":2,"href":"https:\/\/www.taf-taucharbeiten.ch\/fr\/wp-json\/wp\/v2\/pages\/11752\/revisions"}],"predecessor-version":[{"id":11754,"href":"https:\/\/www.taf-taucharbeiten.ch\/fr\/wp-json\/wp\/v2\/pages\/11752\/revisions\/11754"}],"up":[{"embeddable":true,"href":"https:\/\/www.taf-taucharbeiten.ch\/fr\/wp-json\/wp\/v2\/pages\/8345"}],"wp:featuredmedia":[{"embeddable":true,"href":"https:\/\/www.taf-taucharbeiten.ch\/fr\/wp-json\/wp\/v2\/media\/11722"}],"wp:attachment":[{"href":"https:\/\/www.taf-taucharbeiten.ch\/fr\/wp-json\/wp\/v2\/media?parent=11752"}],"wp:term":[{"taxonomy":"slider-kategorie","embeddable":true,"href":"https:\/\/www.taf-taucharbeiten.ch\/fr\/wp-json\/wp\/v2\/slider-kategorie?post=11752"}],"curies":[{"name":"wp","href":"https:\/\/api.w.org\/{rel}","templated":true}]}}