{"id":8329,"date":"2020-05-29T08:38:27","date_gmt":"2020-05-29T06:38:27","guid":{"rendered":"http:\/\/www.mta-messtechnik.ch\/travaux-amphibiques\/"},"modified":"2022-05-30T09:05:33","modified_gmt":"2022-05-30T07:05:33","slug":"travaux-amphibiques","status":"publish","type":"page","link":"https:\/\/www.taf-taucharbeiten.ch\/fr\/nos-services\/travaux-amphibiques\/","title":{"rendered":"Travaux amphibiques"},"content":{"rendered":"<section class=\"l-section wpb_row height_auto width_full\"><div class=\"l-section-h i-cf\"><div class=\"g-cols vc_row via_flex valign_top type_default stacking_default\"><div class=\"vc_col-sm-12 wpb_column vc_column_container\"><div class=\"vc_column-inner\"><div class=\"wpb_wrapper\">\n\t\t\t\t<p class=\"rs-p-wp-fix\"><\/p>\n\t\t\t\t<sr7-module data-alias=\"amphibische-arbeiten\" data-id=\"9\" id=\"SR7_9_1\" class=\"rs-ov-hidden\" data-version=\"6.7.41\">\n\t\t\t\t\t<sr7-adjuster><\/sr7-adjuster>\n\t\t\t\t\t<sr7-content>\n\t\t\t\t\t\t<sr7-slide id=\"SR7_9_1-77\" data-key=\"77\">\n\t\t\t\t\t\t\t<sr7-bg id=\"SR7_9_1-77-1\" class=\"sr7-layer\"><noscript><img decoding=\"async\" src=\"http:\/\/www.taf-taucharbeiten.ch\/wp-content\/uploads\/2020\/01\/Im-Schlamm-Schilf-und-Seegras.jpg\" alt=\"Amphibische Arbeiten\" title=\"Im-Schlamm,-Schilf-und-Seegras\"><\/noscript><\/sr7-bg>\n\t\t\t\t\t\t\t<h1 id=\"SR7_9_1-77-0\" class=\"sr7-layer\">Travail amphibie<\/h1>\n\t\t\t\t\t\t<\/sr7-slide>\n\t\t\t\t\t\t<sr7-slide id=\"SR7_9_1-112\" data-key=\"112\">\n\t\t\t\t\t\t<\/sr7-slide>\n\t\t\t\t\t<\/sr7-content>\n\t\t\t\t\t<image_lists style=\"display:none\">\n\t\t\t\t\t\t<img data-src=\"\/\/www.taf-taucharbeiten.ch\/wp-content\/uploads\/2020\/01\/Im-Schlamm-Schilf-und-Seegras.jpg\" data-libid=\"7197\" data-lib=\"medialibrary\" alt=\"Amphibische Arbeiten\" title=\"Im-Schlamm,-Schilf-und-Seegras\" width=\"0\" height=\"0\" data-dbsrc=\"Ly93d3cudGFmLXRhdWNoYXJiZWl0ZW4uY2gvd3AtY29udGVudC91cGxvYWRzLzIwMjAvMDEvSW0tU2NobGFtbS1TY2hpbGYtdW5kLVNlZWdyYXMuanBn\"\/>\n\t\t\t\t\t<\/image_lists>\n\t\t\t\t<\/sr7-module>\n\t\t\t\t<script>\n\t\t\t\t\tSR7.PMH ??={}; SR7.PMH[\"SR7_9_1\"] = {cn:100,state:false,fn: function() { if (_tpt!==undefined && _tpt.prepareModuleHeight !== undefined) {  _tpt.prepareModuleHeight({id:\"SR7_9_1\",el:[650,650,768,960,720],type:'hero',shdw:'0',gh:[650,650,,,],gw:[1920,1920,,,],vpt:['-200px'],size:{fullWidth:true, fullHeight:false},mh:'0',onh:0,onw:0,bg:{color:'{\"orig\":\"transparent\",\"type\":\"solid\",\"string\":\"transparent\"}'},plType:'0',plColor:'#FFFFFF'});   SR7.PMH[\"SR7_9_1\"].state=true;} else if(SR7.PMH[\"SR7_9_1\"].cn-->0)\tsetTimeout( SR7.PMH[\"SR7_9_1\"].fn,19);}};SR7.PMH[\"SR7_9_1\" ].fn();\n\t\t\t\t<\/script>\n<\/div><\/div><\/div><\/div><\/div><\/section><section class=\"l-section wpb_row height_medium\"><div class=\"l-section-h i-cf\"><div class=\"g-cols vc_row via_flex valign_top type_default stacking_default\"><div class=\"vc_col-sm-9 wpb_column vc_column_container\"><div class=\"vc_column-inner\"><div class=\"wpb_wrapper\"><div class=\"wpb_text_column\"><div class=\"wpb_wrapper\"><h2>Dans la vase, les roseaux et les herbes aquatiques<\/h2>\n<\/div><\/div><div class=\"w-separator size_small\"><\/div><div class=\"wpb_text_column\"><div class=\"wpb_wrapper\"><p class=\"myowntext\">Le v\u00e9hicule amphibie d\u2019entretien de l\u2019eau est un v\u00e9hicule unique au monde. Cette machine multifonctions pour l\u2019entretien des zones riveraines excelle dans les r\u00e9gions mar\u00e9cageuses et partout o\u00f9 des machines conventionnelles ne peuvent pas manoeuvrer.<\/p>\n<p class=\"myowntext\">Dans l\u2019eau, l\u2019Amphimaster flotte et sur terre il peut \u00eatre conduit par chenilles. Cellesci exercent une faible pression sur le sol, ce qui permet de traverser des plans d\u2019eau d\u00e9licats, des terrains de golf ou des r\u00e9serves naturelles sans ruiner le sol.<\/p>\n<\/div><\/div><div class=\"w-separator size_small\"><\/div><div class=\"wpb_text_column\"><div class=\"wpb_wrapper\"><p>Notre v\u00e9hicule amphibie est \u00e9quip\u00e9 des outils suivants:<\/p>\n<ul class=\"myownul\">\n<li>dispositif de faucardage pour diverses utilisations (couteau pour plantes aquatiques, couteau pour roseaux, couteaux lat\u00e9raux).<\/li>\n<li>r\u00e2teaux standards pour le ramassage des plantes aquatiques, des roseaux et des d\u00e9chets flottants.<\/li>\n<li>dispositif d\u2019aspiration de s\u00e9diments (vase). Les tuyaux peuvent transporter le mat\u00e9riau jusqu\u2019\u00e0 300 m\u00e8tres de distance et l\u2019aspirer jusqu\u2019\u00e0 une profondeur de 3,5 m\u00e8tres.<\/li>\n<li>unit\u00e9 d\u2019excavation \u00e0 l\u2019avant du v\u00e9hicule. Elle se pr\u00eate \u00e0 l\u2019am\u00e9nagement d\u2019entr\u00e9es et de sorties d\u2019eau des \u00e9tangs. Elle peut aussi \u00eatre utilis\u00e9e dans les canaux, les ports, pour les rampes de mise \u00e0 l\u2019eau ainsi que pour les piliers de ponts ou pour la pose de c\u00e2bles dans des r\u00e9gions mar\u00e9cageuses.<\/li>\n<\/ul>\n<\/div><\/div><div class=\"w-separator size_small\"><\/div><div class=\"w-grid us_grid type_grid layout_gallery_default cols_2 preload_style_spinner\" id=\"us_grid_1\" style=\"--columns:2;--gap:0.5rem;\" data-filterable=\"true\"><style>@media (max-width:600px){#us_grid_1{--columns:1!important}}.layout_gallery_default .w-grid-item-h{}<\/style><div class=\"w-grid-list\">\t<article class=\"w-grid-item size_1x1 post-9589 attachment type-attachment status-inherit hentry\" data-id=\"9589\">\r\n\t\t<div class=\"w-grid-item-h\">\r\n\t\t\t\t\t\t\t<a ref=\"magnificPopupGrid\" href=\"https:\/\/www.taf-taucharbeiten.ch\/wp-content\/uploads\/2021\/06\/Amphibische-Arbeiten-Im-Schlamm-Schilf-und-Seegras-05.jpg\" class=\"w-grid-item-anchor\" aria-label=\"Dans la vase, les roseaux et les herbes aquatiques\"><\/a>\r\n\t\t\t\t\t\t<div class=\"w-post-elm post_image usg_post_image_1 stretched\"><img loading=\"lazy\" decoding=\"async\" width=\"1200\" height=\"800\" src=\"https:\/\/www.taf-taucharbeiten.ch\/wp-content\/uploads\/2021\/06\/Amphibische-Arbeiten-Im-Schlamm-Schilf-und-Seegras-05.jpg\" class=\"attachment-full size-full\" alt=\"Dans la vase, les roseaux et les herbes aquatiques\" srcset=\"https:\/\/www.taf-taucharbeiten.ch\/wp-content\/uploads\/2021\/06\/Amphibische-Arbeiten-Im-Schlamm-Schilf-und-Seegras-05.jpg 1200w, https:\/\/www.taf-taucharbeiten.ch\/wp-content\/uploads\/2021\/06\/Amphibische-Arbeiten-Im-Schlamm-Schilf-und-Seegras-05-300x200.jpg 300w, https:\/\/www.taf-taucharbeiten.ch\/wp-content\/uploads\/2021\/06\/Amphibische-Arbeiten-Im-Schlamm-Schilf-und-Seegras-05-1024x683.jpg 1024w, https:\/\/www.taf-taucharbeiten.ch\/wp-content\/uploads\/2021\/06\/Amphibische-Arbeiten-Im-Schlamm-Schilf-und-Seegras-05-445x297.jpg 445w\" sizes=\"auto, (max-width: 1200px) 100vw, 1200px\" \/><\/div>\t\t<\/div>\r\n\t\t\t<\/article>\r\n\t<article class=\"w-grid-item size_1x1 post-9586 attachment type-attachment status-inherit hentry\" data-id=\"9586\">\r\n\t\t<div class=\"w-grid-item-h\">\r\n\t\t\t\t\t\t\t<a ref=\"magnificPopupGrid\" href=\"https:\/\/www.taf-taucharbeiten.ch\/wp-content\/uploads\/2021\/06\/Amphibische-Arbeiten-Im-Schlamm-Schilf-und-Seegras-04.jpg\" class=\"w-grid-item-anchor\" aria-label=\"Dans la vase, les roseaux et les herbes aquatiques\"><\/a>\r\n\t\t\t\t\t\t<div class=\"w-post-elm post_image usg_post_image_1 stretched\"><img loading=\"lazy\" decoding=\"async\" width=\"1200\" height=\"800\" src=\"https:\/\/www.taf-taucharbeiten.ch\/wp-content\/uploads\/2021\/06\/Amphibische-Arbeiten-Im-Schlamm-Schilf-und-Seegras-04.jpg\" class=\"attachment-full size-full\" alt=\"Dans la vase, les roseaux et les herbes aquatiques\" srcset=\"https:\/\/www.taf-taucharbeiten.ch\/wp-content\/uploads\/2021\/06\/Amphibische-Arbeiten-Im-Schlamm-Schilf-und-Seegras-04.jpg 1200w, https:\/\/www.taf-taucharbeiten.ch\/wp-content\/uploads\/2021\/06\/Amphibische-Arbeiten-Im-Schlamm-Schilf-und-Seegras-04-300x200.jpg 300w, https:\/\/www.taf-taucharbeiten.ch\/wp-content\/uploads\/2021\/06\/Amphibische-Arbeiten-Im-Schlamm-Schilf-und-Seegras-04-1024x683.jpg 1024w, https:\/\/www.taf-taucharbeiten.ch\/wp-content\/uploads\/2021\/06\/Amphibische-Arbeiten-Im-Schlamm-Schilf-und-Seegras-04-445x297.jpg 445w\" sizes=\"auto, (max-width: 1200px) 100vw, 1200px\" \/><\/div>\t\t<\/div>\r\n\t\t\t<\/article>\r\n\t<article class=\"w-grid-item size_1x1 post-9583 attachment type-attachment status-inherit hentry\" data-id=\"9583\">\r\n\t\t<div class=\"w-grid-item-h\">\r\n\t\t\t\t\t\t\t<a ref=\"magnificPopupGrid\" href=\"https:\/\/www.taf-taucharbeiten.ch\/wp-content\/uploads\/2021\/06\/Amphibische-Arbeiten-Im-Schlamm-Schilf-und-Seegras-03.jpg\" class=\"w-grid-item-anchor\" aria-label=\"Dans la vase, les roseaux et les herbes aquatiques\"><\/a>\r\n\t\t\t\t\t\t<div class=\"w-post-elm post_image usg_post_image_1 stretched\"><img loading=\"lazy\" decoding=\"async\" width=\"1200\" height=\"800\" src=\"https:\/\/www.taf-taucharbeiten.ch\/wp-content\/uploads\/2021\/06\/Amphibische-Arbeiten-Im-Schlamm-Schilf-und-Seegras-03.jpg\" class=\"attachment-full size-full\" alt=\"Dans la vase, les roseaux et les herbes aquatiques\" srcset=\"https:\/\/www.taf-taucharbeiten.ch\/wp-content\/uploads\/2021\/06\/Amphibische-Arbeiten-Im-Schlamm-Schilf-und-Seegras-03.jpg 1200w, https:\/\/www.taf-taucharbeiten.ch\/wp-content\/uploads\/2021\/06\/Amphibische-Arbeiten-Im-Schlamm-Schilf-und-Seegras-03-300x200.jpg 300w, https:\/\/www.taf-taucharbeiten.ch\/wp-content\/uploads\/2021\/06\/Amphibische-Arbeiten-Im-Schlamm-Schilf-und-Seegras-03-1024x683.jpg 1024w, https:\/\/www.taf-taucharbeiten.ch\/wp-content\/uploads\/2021\/06\/Amphibische-Arbeiten-Im-Schlamm-Schilf-und-Seegras-03-445x297.jpg 445w\" sizes=\"auto, (max-width: 1200px) 100vw, 1200px\" \/><\/div>\t\t<\/div>\r\n\t\t\t<\/article>\r\n\t<article class=\"w-grid-item size_1x1 post-9580 attachment type-attachment status-inherit hentry\" data-id=\"9580\">\r\n\t\t<div class=\"w-grid-item-h\">\r\n\t\t\t\t\t\t\t<a ref=\"magnificPopupGrid\" href=\"https:\/\/www.taf-taucharbeiten.ch\/wp-content\/uploads\/2021\/06\/Amphibische-Arbeiten-Im-Schlamm-Schilf-und-Seegras-02.jpg\" class=\"w-grid-item-anchor\" aria-label=\"Dans la vase, les roseaux et les herbes aquatiques\"><\/a>\r\n\t\t\t\t\t\t<div class=\"w-post-elm post_image usg_post_image_1 stretched\"><img loading=\"lazy\" decoding=\"async\" width=\"1200\" height=\"800\" src=\"https:\/\/www.taf-taucharbeiten.ch\/wp-content\/uploads\/2021\/06\/Amphibische-Arbeiten-Im-Schlamm-Schilf-und-Seegras-02.jpg\" class=\"attachment-full size-full\" alt=\"Dans la vase, les roseaux et les herbes aquatiques\" srcset=\"https:\/\/www.taf-taucharbeiten.ch\/wp-content\/uploads\/2021\/06\/Amphibische-Arbeiten-Im-Schlamm-Schilf-und-Seegras-02.jpg 1200w, https:\/\/www.taf-taucharbeiten.ch\/wp-content\/uploads\/2021\/06\/Amphibische-Arbeiten-Im-Schlamm-Schilf-und-Seegras-02-300x200.jpg 300w, https:\/\/www.taf-taucharbeiten.ch\/wp-content\/uploads\/2021\/06\/Amphibische-Arbeiten-Im-Schlamm-Schilf-und-Seegras-02-1024x683.jpg 1024w, https:\/\/www.taf-taucharbeiten.ch\/wp-content\/uploads\/2021\/06\/Amphibische-Arbeiten-Im-Schlamm-Schilf-und-Seegras-02-445x297.jpg 445w\" sizes=\"auto, (max-width: 1200px) 100vw, 1200px\" \/><\/div>\t\t<\/div>\r\n\t\t\t<\/article>\r\n\t<article class=\"w-grid-item size_1x1 post-9577 attachment type-attachment status-inherit hentry\" data-id=\"9577\">\r\n\t\t<div class=\"w-grid-item-h\">\r\n\t\t\t\t\t\t\t<a ref=\"magnificPopupGrid\" href=\"https:\/\/www.taf-taucharbeiten.ch\/wp-content\/uploads\/2021\/06\/Amphibische-Arbeiten-Im-Schlamm-Schilf-und-Seegras-01.jpg\" class=\"w-grid-item-anchor\" aria-label=\"Dans la vase, les roseaux et les herbes aquatiques\"><\/a>\r\n\t\t\t\t\t\t<div class=\"w-post-elm post_image usg_post_image_1 stretched\"><img loading=\"lazy\" decoding=\"async\" width=\"1200\" height=\"800\" src=\"https:\/\/www.taf-taucharbeiten.ch\/wp-content\/uploads\/2021\/06\/Amphibische-Arbeiten-Im-Schlamm-Schilf-und-Seegras-01.jpg\" class=\"attachment-full size-full\" alt=\"Dans la vase, les roseaux et les herbes aquatiques\" srcset=\"https:\/\/www.taf-taucharbeiten.ch\/wp-content\/uploads\/2021\/06\/Amphibische-Arbeiten-Im-Schlamm-Schilf-und-Seegras-01.jpg 1200w, https:\/\/www.taf-taucharbeiten.ch\/wp-content\/uploads\/2021\/06\/Amphibische-Arbeiten-Im-Schlamm-Schilf-und-Seegras-01-300x200.jpg 300w, https:\/\/www.taf-taucharbeiten.ch\/wp-content\/uploads\/2021\/06\/Amphibische-Arbeiten-Im-Schlamm-Schilf-und-Seegras-01-1024x683.jpg 1024w, https:\/\/www.taf-taucharbeiten.ch\/wp-content\/uploads\/2021\/06\/Amphibische-Arbeiten-Im-Schlamm-Schilf-und-Seegras-01-445x297.jpg 445w\" sizes=\"auto, (max-width: 1200px) 100vw, 1200px\" \/><\/div>\t\t<\/div>\r\n\t\t\t<\/article>\r\n\t<article class=\"w-grid-item size_1x1 post-9574 attachment type-attachment status-inherit hentry\" data-id=\"9574\">\r\n\t\t<div class=\"w-grid-item-h\">\r\n\t\t\t\t\t\t\t<a ref=\"magnificPopupGrid\" href=\"https:\/\/www.taf-taucharbeiten.ch\/wp-content\/uploads\/2021\/06\/Amphibische-Arbeiten-Im-Schlamm-Schilf-und-Seegras-06.jpg\" class=\"w-grid-item-anchor\" aria-label=\"Dans la vase, les roseaux et les herbes aquatiques\"><\/a>\r\n\t\t\t\t\t\t<div class=\"w-post-elm post_image usg_post_image_1 stretched\"><img loading=\"lazy\" decoding=\"async\" width=\"1200\" height=\"800\" src=\"https:\/\/www.taf-taucharbeiten.ch\/wp-content\/uploads\/2021\/06\/Amphibische-Arbeiten-Im-Schlamm-Schilf-und-Seegras-06.jpg\" class=\"attachment-full size-full\" alt=\"Dans la vase, les roseaux et les herbes aquatiques\" srcset=\"https:\/\/www.taf-taucharbeiten.ch\/wp-content\/uploads\/2021\/06\/Amphibische-Arbeiten-Im-Schlamm-Schilf-und-Seegras-06.jpg 1200w, https:\/\/www.taf-taucharbeiten.ch\/wp-content\/uploads\/2021\/06\/Amphibische-Arbeiten-Im-Schlamm-Schilf-und-Seegras-06-300x200.jpg 300w, https:\/\/www.taf-taucharbeiten.ch\/wp-content\/uploads\/2021\/06\/Amphibische-Arbeiten-Im-Schlamm-Schilf-und-Seegras-06-1024x683.jpg 1024w, https:\/\/www.taf-taucharbeiten.ch\/wp-content\/uploads\/2021\/06\/Amphibische-Arbeiten-Im-Schlamm-Schilf-und-Seegras-06-445x297.jpg 445w\" sizes=\"auto, (max-width: 1200px) 100vw, 1200px\" \/><\/div>\t\t<\/div>\r\n\t\t\t<\/article>\r\n<\/div>\t<div class=\"w-grid-preloader\">\r\n\t\t<div class=\"g-preloader type_1\">\r\n\t\t\t<div><\/div>\r\n\t\t<\/div>\r\n\t<\/div>\r\n\t\t<div class=\"w-grid-json hidden\" onclick='return {&quot;action&quot;:&quot;us_ajax_grid&quot;,&quot;infinite_scroll&quot;:0,&quot;max_num_pages&quot;:1,&quot;pagination&quot;:&quot;none&quot;,&quot;template_vars&quot;:{&quot;columns&quot;:&quot;2&quot;,&quot;exclude_items&quot;:&quot;none&quot;,&quot;img_size&quot;:&quot;full&quot;,&quot;ignore_items_size&quot;:0,&quot;items_layout&quot;:&quot;gallery_default&quot;,&quot;items_offset&quot;:&quot;1&quot;,&quot;load_animation&quot;:&quot;none&quot;,&quot;overriding_link&quot;:&quot;%7B%22type%22%3A%22popup_image%22%7D&quot;,&quot;post_id&quot;:0,&quot;query_args&quot;:{&quot;post_type&quot;:[&quot;attachment&quot;],&quot;post__in&quot;:[&quot;9589&quot;,&quot;9586&quot;,&quot;9583&quot;,&quot;9580&quot;,&quot;9577&quot;,&quot;9574&quot;],&quot;post_status&quot;:&quot;inherit&quot;,&quot;post_mime_type&quot;:&quot;image&quot;,&quot;posts_per_page&quot;:&quot;6&quot;},&quot;orderby_query_args&quot;:{&quot;orderby&quot;:{&quot;post__in&quot;:&quot;ASC&quot;},&quot;order&quot;:&quot;ASC&quot;},&quot;type&quot;:&quot;grid&quot;,&quot;us_grid_post_type&quot;:&quot;attachment&quot;,&quot;us_grid_ajax_index&quot;:1,&quot;us_grid_filter_query_string&quot;:null,&quot;us_grid_index&quot;:1,&quot;page_args&quot;:[],&quot;lang&quot;:&quot;fr&quot;}}'><\/div>\r\n\t<\/div><div class=\"w-separator size_small\"><\/div><div class=\"wpb_text_column\"><div class=\"wpb_wrapper\"><div class=\"w-video-h\"><iframe loading=\"lazy\" src=\"https:\/\/www.youtube.com\/embed\/9HaoRHLv9H8?rel=0\" width=\"1177\" height=\"662\" frameborder=\"0\" allowfullscreen=\"allowfullscreen\"><\/iframe><\/div>\n<\/div><\/div><div class=\"w-separator size_small\"><\/div><div class=\"wpb_text_column\"><div class=\"wpb_wrapper\"><div class=\"w-video-h\"><iframe loading=\"lazy\" src=\"https:\/\/www.youtube.com\/embed\/L_yHeq_Nk9k?rel=0\" width=\"1177\" height=\"662\" frameborder=\"0\" allowfullscreen=\"allowfullscreen\"><\/iframe><\/div>\n<\/div><\/div><\/div><\/div><\/div><div class=\"vc_col-sm-3 wpb_column vc_column_container\"><div class=\"vc_column-inner\"><div class=\"wpb_wrapper\"><section class=\"l-section wpb_row height_auto width_full\"><div class=\"l-section-h i-cf\"><div class=\"g-cols vc_row via_flex valign_top type_default stacking_default\"><div class=\"vc_col-sm-12 wpb_column vc_column_container\"><div class=\"vc_column-inner\"><div class=\"wpb_wrapper\"><div class=\"wpb_text_column\"><div class=\"wpb_wrapper\"><h2>Nos services<\/h2>\n<\/div><\/div><div class=\"w-separator size_medium\"><\/div><nav class=\"w-menu layout_ver style_links us_menu_1\" style=\"--main-gap:1.5rem;--main-ver-indent:0.8em;--main-hor-indent:0.8em;--main-color:inherit;\"><ul id=\"menu-dienstleistungen-franzoesisch\" class=\"menu\"><li id=\"menu-item-8422\" class=\"menu-item menu-item-type-post_type menu-item-object-page menu-item-8422\"><a href=\"https:\/\/www.taf-taucharbeiten.ch\/fr\/nos-services\/centrales-nucleaires\/\">Centrales nucl\u00e9aires<\/a><\/li><li id=\"menu-item-9380\" class=\"menu-item menu-item-type-post_type menu-item-object-page menu-item-9380\"><a href=\"https:\/\/www.taf-taucharbeiten.ch\/fr\/nos-services\/conduites-sous-lacustres\/\">Conduites sous-lacustres<\/a><\/li><li id=\"menu-item-8424\" class=\"menu-item menu-item-type-post_type menu-item-object-page menu-item-8424\"><a href=\"https:\/\/www.taf-taucharbeiten.ch\/fr\/nos-services\/construction-de-pontons-et-ponts\/\">Construction de pontons et ponts<\/a><\/li><li id=\"menu-item-8423\" class=\"menu-item menu-item-type-post_type menu-item-object-page menu-item-8423\"><a href=\"https:\/\/www.taf-taucharbeiten.ch\/fr\/nos-services\/installations-industrielles\/\">Installations industrielles<\/a><\/li><li id=\"menu-item-11762\" class=\"menu-item menu-item-type-post_type menu-item-object-page menu-item-11762\"><a href=\"https:\/\/www.taf-taucharbeiten.ch\/fr\/nos-services\/les-inspections-la-localisation-et-lesa-nettoyages-rov\/\">Les inspections, la localisation et lesa nettoyages ROV<\/a><\/li><li id=\"menu-item-11761\" class=\"menu-item menu-item-type-post_type menu-item-object-page menu-item-11761\"><a href=\"https:\/\/www.taf-taucharbeiten.ch\/fr\/nos-services\/linspection-des-canalisations-et-la-mesure-laser-crawler-a-150\/\">L\u2019inspection des canalisations et la mesure laser, Crawler A-150<\/a><\/li><li id=\"menu-item-9379\" class=\"menu-item menu-item-type-post_type menu-item-object-page menu-item-9379\"><a href=\"https:\/\/www.taf-taucharbeiten.ch\/fr\/nos-services\/moules-quagga-et-de-type-zebre\/\">Moules Quagga et de type z\u00e8bre<\/a><\/li><li id=\"menu-item-8428\" class=\"menu-item menu-item-type-post_type menu-item-object-page menu-item-8428\"><a href=\"https:\/\/www.taf-taucharbeiten.ch\/fr\/nos-services\/mta-pipe-electroscan\/\">MTA Pipe Electroscan<\/a><\/li><li id=\"menu-item-8427\" class=\"menu-item menu-item-type-post_type menu-item-object-page menu-item-8427\"><a href=\"https:\/\/www.taf-taucharbeiten.ch\/fr\/nos-services\/mta-pipe-inspector\/\">MTA Pipe Inspector<\/a><\/li><li id=\"menu-item-9964\" class=\"menu-item menu-item-type-post_type menu-item-object-page menu-item-9964\"><a href=\"https:\/\/www.taf-taucharbeiten.ch\/fr\/nos-services\/multibeam\/\">Multibeam<\/a><\/li><li id=\"menu-item-11869\" class=\"menu-item menu-item-type-post_type menu-item-object-page menu-item-11869\"><a href=\"https:\/\/www.taf-taucharbeiten.ch\/fr\/nos-services\/lutte-contre-les-neophytes\/\">Lutte contre les n\u00e9ophytes<\/a><\/li><li id=\"menu-item-9378\" class=\"menu-item menu-item-type-post_type menu-item-object-page menu-item-9378\"><a href=\"https:\/\/www.taf-taucharbeiten.ch\/fr\/nos-services\/pelle-araignee-menzi-muck\/\">Pelle araign\u00e9e Menzi Muck<\/a><\/li><li id=\"menu-item-8418\" class=\"menu-item menu-item-type-post_type menu-item-object-page menu-item-8418\"><a href=\"https:\/\/www.taf-taucharbeiten.ch\/fr\/nos-services\/renovation-des-berges-murs-et-ouvrages\/\">R\u00e9novation des berges, murs et ouvrages<\/a><\/li><li id=\"menu-item-8421\" class=\"menu-item menu-item-type-post_type menu-item-object-page menu-item-8421\"><a href=\"https:\/\/www.taf-taucharbeiten.ch\/fr\/nos-services\/stations-depuration-des-eaux-usees\/\">Stations d\u2019\u00e9puration des eaux us\u00e9es<\/a><\/li><li id=\"menu-item-8420\" class=\"menu-item menu-item-type-post_type menu-item-object-page menu-item-8420\"><a href=\"https:\/\/www.taf-taucharbeiten.ch\/fr\/nos-services\/travaux-amphibiques\/\">Travaux amphibiques<\/a><\/li><li id=\"menu-item-8417\" class=\"menu-item menu-item-type-post_type menu-item-object-page menu-item-8417\"><a href=\"https:\/\/www.taf-taucharbeiten.ch\/fr\/nos-services\/travaux-de-construction-demolition-sous-marins\/\">Travaux de construction \/ d\u00e9molition sous-marins<\/a><\/li><li id=\"menu-item-8425\" class=\"menu-item menu-item-type-post_type menu-item-object-page menu-item-8425\"><a href=\"https:\/\/www.taf-taucharbeiten.ch\/fr\/nos-services\/travaux-de-devasement-le-mudmaster\/\">Travaux de d\u00e9vasement: le Mudmaster<\/a><\/li><li id=\"menu-item-8419\" class=\"menu-item menu-item-type-post_type menu-item-object-page menu-item-8419\"><a href=\"https:\/\/www.taf-taucharbeiten.ch\/fr\/nos-services\/eau-potable\/\">Zone d&rsquo;eau potable<\/a><\/li><\/ul><style>@media ( max-width:600px ){.us_menu_1 .menu{display:block!important}.us_menu_1 .menu>li:not(:last-child){margin:0 0 var(--main-gap,1.5rem)!important}}<\/style><\/nav><div class=\"w-separator size_medium\"><\/div><div class=\"w-btn-wrapper align_center\"><a class=\"w-btn us-btn-style_11\" title=\"Demande de service\" href=\"\/fr\/demande-de-service\/\"><span class=\"w-btn-label\">Demande de service<\/span><\/a><\/div><div class=\"w-separator size_medium\"><\/div><div class=\"wpb_text_column\"><div class=\"wpb_wrapper\"><p><a href=\"\/wp-content\/uploads\/2025\/04\/TAF_Doku_FR_2025_mail.pdf\" target=\"_blank\" rel=\"noopener noreferrer\"><img loading=\"lazy\" decoding=\"async\" class=\"myresponsive aligncenter wp-image-8156 size-full\" title=\"T\u00e9l\u00e9charger le portrait de l'entreprise\" src=\"https:\/\/www.taf-taucharbeiten.ch\/wp-content\/uploads\/2020\/05\/Brochuere-DE-2021.png\" alt=\"Firmenportrait herunterladen\" width=\"400\" height=\"515\" srcset=\"https:\/\/www.taf-taucharbeiten.ch\/wp-content\/uploads\/2020\/05\/Brochuere-DE-2021.png 400w, https:\/\/www.taf-taucharbeiten.ch\/wp-content\/uploads\/2020\/05\/Brochuere-DE-2021-233x300.png 233w\" sizes=\"auto, (max-width: 400px) 100vw, 400px\" \/><\/a><\/p>\n<p class=\"myimagetext\">T\u00e9l\u00e9charger le portrait de l&rsquo;entreprise<\/p>\n<\/div><\/div><div class=\"w-separator size_small\"><\/div><div class=\"w-btn-wrapper align_center\"><a class=\"w-btn us-btn-style_1\" title=\"Brochure d&#039;entreprise interactive\" target=\"_blank\" rel=\"nofollow\" href=\"https:\/\/www.unserebroschuere.ch\/taf_fra\/WebView\/\"><span class=\"w-btn-label\">Brochure d&rsquo;entreprise interactive<\/span><\/a><\/div><\/div><\/div><\/div><\/div><\/div><\/section>\n<\/div><\/div><\/div><\/div><\/div><\/section>\n","protected":false},"excerpt":{"rendered":"<p>Notre v\u00e9hicule amphibie d&rsquo;entretien de l&rsquo;eau permet de traverser des r\u00e9gions mar\u00e9cageuses, des plans d\u2019eau d\u00e9licats, des r\u00e9serves naturelles ou des terrains de golf. Il est \u00e9quip\u00e9 de dispositif de faucardage pour les herbes marines et les roseaux ainsi que d&rsquo;une unit\u00e9 d&rsquo;aspiration et de dragage des s\u00e9diments.<\/p>\n","protected":false},"author":5,"featured_media":7749,"parent":8345,"menu_order":0,"comment_status":"closed","ping_status":"closed","template":"","meta":{"_seopress_robots_primary_cat":"","_seopress_titles_title":"Travaux amphibiques - TAF Taucharbeiten AG","_seopress_titles_desc":"Notre v\u00e9hicule amphibie d&#039;entretien de l&#039;eau permet de traverser des r\u00e9gions mar\u00e9cageuses, des plans d\u2019eau d\u00e9licats, des r\u00e9serves naturelles ou des terrains de golf. Il est \u00e9quip\u00e9 de dispositif de faucardage pour les herbes marines et les roseaux ainsi que d&#039;une unit\u00e9 d&#039;aspiration et de dragage des s\u00e9diments.","_seopress_robots_index":"","footnotes":""},"slider-kategorie":[],"class_list":["post-8329","page","type-page","status-publish","has-post-thumbnail","hentry"],"_links":{"self":[{"href":"https:\/\/www.taf-taucharbeiten.ch\/fr\/wp-json\/wp\/v2\/pages\/8329","targetHints":{"allow":["GET"]}}],"collection":[{"href":"https:\/\/www.taf-taucharbeiten.ch\/fr\/wp-json\/wp\/v2\/pages"}],"about":[{"href":"https:\/\/www.taf-taucharbeiten.ch\/fr\/wp-json\/wp\/v2\/types\/page"}],"author":[{"embeddable":true,"href":"https:\/\/www.taf-taucharbeiten.ch\/fr\/wp-json\/wp\/v2\/users\/5"}],"replies":[{"embeddable":true,"href":"https:\/\/www.taf-taucharbeiten.ch\/fr\/wp-json\/wp\/v2\/comments?post=8329"}],"version-history":[{"count":11,"href":"https:\/\/www.taf-taucharbeiten.ch\/fr\/wp-json\/wp\/v2\/pages\/8329\/revisions"}],"predecessor-version":[{"id":8475,"href":"https:\/\/www.taf-taucharbeiten.ch\/fr\/wp-json\/wp\/v2\/pages\/8329\/revisions\/8475"}],"up":[{"embeddable":true,"href":"https:\/\/www.taf-taucharbeiten.ch\/fr\/wp-json\/wp\/v2\/pages\/8345"}],"wp:featuredmedia":[{"embeddable":true,"href":"https:\/\/www.taf-taucharbeiten.ch\/fr\/wp-json\/wp\/v2\/media\/7749"}],"wp:attachment":[{"href":"https:\/\/www.taf-taucharbeiten.ch\/fr\/wp-json\/wp\/v2\/media?parent=8329"}],"wp:term":[{"taxonomy":"slider-kategorie","embeddable":true,"href":"https:\/\/www.taf-taucharbeiten.ch\/fr\/wp-json\/wp\/v2\/slider-kategorie?post=8329"}],"curies":[{"name":"wp","href":"https:\/\/api.w.org\/{rel}","templated":true}]}}