{"id":8337,"date":"2020-05-29T10:23:48","date_gmt":"2020-05-29T08:23:48","guid":{"rendered":"http:\/\/www.mta-messtechnik.ch\/centrales-nucleaires\/"},"modified":"2022-05-30T09:08:20","modified_gmt":"2022-05-30T07:08:20","slug":"centrales-nucleaires","status":"publish","type":"page","link":"https:\/\/www.taf-taucharbeiten.ch\/fr\/nos-services\/centrales-nucleaires\/","title":{"rendered":"Centrales nucl\u00e9aires"},"content":{"rendered":"<section class=\"l-section wpb_row height_auto width_full\"><div class=\"l-section-h i-cf\"><div class=\"g-cols vc_row via_flex valign_top type_default stacking_default\"><div class=\"vc_col-sm-12 wpb_column vc_column_container\"><div class=\"vc_column-inner\"><div class=\"wpb_wrapper\">\n\t\t\t\t<p class=\"rs-p-wp-fix\"><\/p>\n\t\t\t\t<sr7-module data-alias=\"in-kernkraftwerken\" data-id=\"7\" id=\"SR7_7_1\" class=\"rs-ov-hidden\" data-version=\"6.7.41\">\n\t\t\t\t\t<sr7-adjuster><\/sr7-adjuster>\n\t\t\t\t\t<sr7-content>\n\t\t\t\t\t\t<sr7-slide id=\"SR7_7_1-73\" data-key=\"73\">\n\t\t\t\t\t\t\t<sr7-bg id=\"SR7_7_1-73-1\" class=\"sr7-layer\"><noscript><img decoding=\"async\" src=\"http:\/\/www.taf-taucharbeiten.ch\/wp-content\/uploads\/2020\/04\/Kernkraftwerken.jpg\" alt=\"In Kernkraftwerken\" title=\"In Kernkraftwerken\"><\/noscript><\/sr7-bg>\n\t\t\t\t\t\t\t<h1 id=\"SR7_7_1-73-0\" class=\"sr7-layer\">Dans les centrales nucl\u00e9aires<\/h1>\n\t\t\t\t\t\t<\/sr7-slide>\n\t\t\t\t\t\t<sr7-slide id=\"SR7_7_1-110\" data-key=\"110\">\n\t\t\t\t\t\t<\/sr7-slide>\n\t\t\t\t\t<\/sr7-content>\n\t\t\t\t\t<image_lists style=\"display:none\">\n\t\t\t\t\t\t<img data-src=\"\/\/www.taf-taucharbeiten.ch\/wp-content\/uploads\/2020\/04\/Kernkraftwerken.jpg\" data-libid=\"7615\" data-lib=\"medialibrary\" alt=\"In Kernkraftwerken\" title=\"In Kernkraftwerken\" width=\"0\" height=\"0\" data-dbsrc=\"Ly93d3cudGFmLXRhdWNoYXJiZWl0ZW4uY2gvd3AtY29udGVudC91cGxvYWRzLzIwMjAvMDQvS2VybmtyYWZ0d2Vya2VuLmpwZw==\"\/>\n\t\t\t\t\t<\/image_lists>\n\t\t\t\t<\/sr7-module>\n\t\t\t\t<script>\n\t\t\t\t\tSR7.PMH ??={}; SR7.PMH[\"SR7_7_1\"] = {cn:100,state:false,fn: function() { if (_tpt!==undefined && _tpt.prepareModuleHeight !== undefined) {  _tpt.prepareModuleHeight({id:\"SR7_7_1\",el:[650,650,768,960,720],type:'hero',shdw:'0',gh:[650,650,,,],gw:[1920,1920,,,],vpt:['-200px'],size:{fullWidth:true, fullHeight:false},mh:'0',onh:0,onw:0,bg:{color:'{\"orig\":\"transparent\",\"type\":\"solid\",\"string\":\"transparent\"}'},plType:'0',plColor:'#FFFFFF'});   SR7.PMH[\"SR7_7_1\"].state=true;} else if(SR7.PMH[\"SR7_7_1\"].cn-->0)\tsetTimeout( SR7.PMH[\"SR7_7_1\"].fn,19);}};SR7.PMH[\"SR7_7_1\" ].fn();\n\t\t\t\t<\/script>\n<\/div><\/div><\/div><\/div><\/div><\/section><section class=\"l-section wpb_row height_medium\"><div class=\"l-section-h i-cf\"><div class=\"g-cols vc_row via_flex valign_top type_default stacking_default\"><div class=\"vc_col-sm-9 wpb_column vc_column_container\"><div class=\"vc_column-inner\"><div class=\"wpb_wrapper\"><div class=\"wpb_text_column\"><div class=\"wpb_wrapper\"><p class=\"myowntext\">Nous r\u00e9alisons le travail dans les centrales nucl\u00e9aires avec des \u00e9quipements sp\u00e9ciaux.<\/p>\n<p class=\"myowntext\">Nous avons de l&rsquo;exp\u00e9rience dans les domaines primaire et secondaire des centrales nucl\u00e9aires. Au cours de nos nombreuses ann\u00e9es d&rsquo;activit\u00e9, nous avons travaill\u00e9 sur presque tous les composants immerg\u00e9s d&rsquo;une centrale nucl\u00e9aire, tels que dans le r\u00e9acteur, la tour de refroidissement et les structures d&rsquo;admission, le bassin de transfert des \u00e9l\u00e9ments combustibles et les installations ext\u00e9rieures.<\/p>\n<\/div><\/div><div class=\"w-separator size_small\"><\/div><div class=\"wpb_text_column\"><div class=\"wpb_wrapper\"><p>Nous offrons des services d&rsquo;entretien, d&rsquo;inspection et de r\u00e9paration dans tous les domaines d&rsquo;une centrale nucl\u00e9aire:<\/p>\n<ul class=\"myownul\">\n<li>Nettoyage des syst\u00e8mes de refroidissement<\/li>\n<li>Contr\u00f4les optiques (enregistrement de films sous-marins)<\/li>\n<li>Mesures<\/li>\n<li>Travaux de r\u00e9paration<\/li>\n<li>Travaux de r\u00e9novation<\/li>\n<li>Travaux de maintenance<\/li>\n<li>Travaux d&rsquo;aspiration<\/li>\n<li>Travaux de nettoyage, etc.<\/li>\n<\/ul>\n<\/div><\/div><div class=\"w-separator size_small\"><\/div><div class=\"wpb_text_column\"><div class=\"wpb_wrapper\"><p><strong>Contamination radiologique<\/strong>: Centrales nucl\u00e9aires, bassins de d\u00e9sint\u00e9gration.<\/p>\n<p><strong>Avantage majeur<\/strong>: Aucune interruption de l&rsquo;usine. L&rsquo;eau n&rsquo;a pas besoin d&rsquo;\u00eatre abaiss\u00e9e ou pomp\u00e9e.<\/p>\n<\/div><\/div><div class=\"w-separator size_small\"><\/div><div class=\"w-grid us_grid type_grid layout_gallery_default cols_2 preload_style_spinner\" id=\"us_grid_1\" style=\"--columns:2;--gap:0.5rem;\" data-filterable=\"true\"><style>@media (max-width:600px){#us_grid_1{--columns:1!important}}.layout_gallery_default .w-grid-item-h{}<\/style><div class=\"w-grid-list\">\t<article class=\"w-grid-item size_1x1 post-9701 attachment type-attachment status-inherit hentry\" data-id=\"9701\">\r\n\t\t<div class=\"w-grid-item-h\">\r\n\t\t\t\t\t\t\t<a ref=\"magnificPopupGrid\" href=\"https:\/\/www.taf-taucharbeiten.ch\/wp-content\/uploads\/2021\/06\/TAF-Taucharbeiten-Kernkraftwerke-05.jpg\" class=\"w-grid-item-anchor\" aria-label=\"Dans les centrales nucl\u00e9aires\"><\/a>\r\n\t\t\t\t\t\t<div class=\"w-post-elm post_image usg_post_image_1 stretched\"><img loading=\"lazy\" decoding=\"async\" width=\"1200\" height=\"800\" src=\"https:\/\/www.taf-taucharbeiten.ch\/wp-content\/uploads\/2021\/06\/TAF-Taucharbeiten-Kernkraftwerke-05.jpg\" class=\"attachment-full size-full\" alt=\"Dans les centrales nucl\u00e9aires\" srcset=\"https:\/\/www.taf-taucharbeiten.ch\/wp-content\/uploads\/2021\/06\/TAF-Taucharbeiten-Kernkraftwerke-05.jpg 1200w, https:\/\/www.taf-taucharbeiten.ch\/wp-content\/uploads\/2021\/06\/TAF-Taucharbeiten-Kernkraftwerke-05-300x200.jpg 300w, https:\/\/www.taf-taucharbeiten.ch\/wp-content\/uploads\/2021\/06\/TAF-Taucharbeiten-Kernkraftwerke-05-1024x683.jpg 1024w, https:\/\/www.taf-taucharbeiten.ch\/wp-content\/uploads\/2021\/06\/TAF-Taucharbeiten-Kernkraftwerke-05-445x297.jpg 445w\" sizes=\"auto, (max-width: 1200px) 100vw, 1200px\" \/><\/div>\t\t<\/div>\r\n\t\t\t<\/article>\r\n\t<article class=\"w-grid-item size_1x1 post-9698 attachment type-attachment status-inherit hentry\" data-id=\"9698\">\r\n\t\t<div class=\"w-grid-item-h\">\r\n\t\t\t\t\t\t\t<a ref=\"magnificPopupGrid\" href=\"https:\/\/www.taf-taucharbeiten.ch\/wp-content\/uploads\/2021\/06\/TAF-Taucharbeiten-Kernkraftwerke-04.jpg\" class=\"w-grid-item-anchor\" aria-label=\"Dans les centrales nucl\u00e9aires\"><\/a>\r\n\t\t\t\t\t\t<div class=\"w-post-elm post_image usg_post_image_1 stretched\"><img loading=\"lazy\" decoding=\"async\" width=\"1200\" height=\"800\" src=\"https:\/\/www.taf-taucharbeiten.ch\/wp-content\/uploads\/2021\/06\/TAF-Taucharbeiten-Kernkraftwerke-04.jpg\" class=\"attachment-full size-full\" alt=\"Dans les centrales nucl\u00e9aires\" srcset=\"https:\/\/www.taf-taucharbeiten.ch\/wp-content\/uploads\/2021\/06\/TAF-Taucharbeiten-Kernkraftwerke-04.jpg 1200w, https:\/\/www.taf-taucharbeiten.ch\/wp-content\/uploads\/2021\/06\/TAF-Taucharbeiten-Kernkraftwerke-04-300x200.jpg 300w, https:\/\/www.taf-taucharbeiten.ch\/wp-content\/uploads\/2021\/06\/TAF-Taucharbeiten-Kernkraftwerke-04-1024x683.jpg 1024w, https:\/\/www.taf-taucharbeiten.ch\/wp-content\/uploads\/2021\/06\/TAF-Taucharbeiten-Kernkraftwerke-04-445x297.jpg 445w\" sizes=\"auto, (max-width: 1200px) 100vw, 1200px\" \/><\/div>\t\t<\/div>\r\n\t\t\t<\/article>\r\n\t<article class=\"w-grid-item size_1x1 post-9695 attachment type-attachment status-inherit hentry\" data-id=\"9695\">\r\n\t\t<div class=\"w-grid-item-h\">\r\n\t\t\t\t\t\t\t<a ref=\"magnificPopupGrid\" href=\"https:\/\/www.taf-taucharbeiten.ch\/wp-content\/uploads\/2021\/06\/TAF-Taucharbeiten-Kernkraftwerke-03.jpg\" class=\"w-grid-item-anchor\" aria-label=\"Dans les centrales nucl\u00e9aires\"><\/a>\r\n\t\t\t\t\t\t<div class=\"w-post-elm post_image usg_post_image_1 stretched\"><img loading=\"lazy\" decoding=\"async\" width=\"1200\" height=\"800\" src=\"https:\/\/www.taf-taucharbeiten.ch\/wp-content\/uploads\/2021\/06\/TAF-Taucharbeiten-Kernkraftwerke-03.jpg\" class=\"attachment-full size-full\" alt=\"Dans les centrales nucl\u00e9aires\" srcset=\"https:\/\/www.taf-taucharbeiten.ch\/wp-content\/uploads\/2021\/06\/TAF-Taucharbeiten-Kernkraftwerke-03.jpg 1200w, https:\/\/www.taf-taucharbeiten.ch\/wp-content\/uploads\/2021\/06\/TAF-Taucharbeiten-Kernkraftwerke-03-300x200.jpg 300w, https:\/\/www.taf-taucharbeiten.ch\/wp-content\/uploads\/2021\/06\/TAF-Taucharbeiten-Kernkraftwerke-03-1024x683.jpg 1024w, https:\/\/www.taf-taucharbeiten.ch\/wp-content\/uploads\/2021\/06\/TAF-Taucharbeiten-Kernkraftwerke-03-445x297.jpg 445w\" sizes=\"auto, (max-width: 1200px) 100vw, 1200px\" \/><\/div>\t\t<\/div>\r\n\t\t\t<\/article>\r\n\t<article class=\"w-grid-item size_1x1 post-9692 attachment type-attachment status-inherit hentry\" data-id=\"9692\">\r\n\t\t<div class=\"w-grid-item-h\">\r\n\t\t\t\t\t\t\t<a ref=\"magnificPopupGrid\" href=\"https:\/\/www.taf-taucharbeiten.ch\/wp-content\/uploads\/2021\/06\/TAF-Taucharbeiten-Kernkraftwerke-02.jpg\" class=\"w-grid-item-anchor\" aria-label=\"Dans les centrales nucl\u00e9aires\"><\/a>\r\n\t\t\t\t\t\t<div class=\"w-post-elm post_image usg_post_image_1 stretched\"><img loading=\"lazy\" decoding=\"async\" width=\"1200\" height=\"800\" src=\"https:\/\/www.taf-taucharbeiten.ch\/wp-content\/uploads\/2021\/06\/TAF-Taucharbeiten-Kernkraftwerke-02.jpg\" class=\"attachment-full size-full\" alt=\"Dans les centrales nucl\u00e9aires\" srcset=\"https:\/\/www.taf-taucharbeiten.ch\/wp-content\/uploads\/2021\/06\/TAF-Taucharbeiten-Kernkraftwerke-02.jpg 1200w, https:\/\/www.taf-taucharbeiten.ch\/wp-content\/uploads\/2021\/06\/TAF-Taucharbeiten-Kernkraftwerke-02-300x200.jpg 300w, https:\/\/www.taf-taucharbeiten.ch\/wp-content\/uploads\/2021\/06\/TAF-Taucharbeiten-Kernkraftwerke-02-1024x683.jpg 1024w, https:\/\/www.taf-taucharbeiten.ch\/wp-content\/uploads\/2021\/06\/TAF-Taucharbeiten-Kernkraftwerke-02-445x297.jpg 445w\" sizes=\"auto, (max-width: 1200px) 100vw, 1200px\" \/><\/div>\t\t<\/div>\r\n\t\t\t<\/article>\r\n\t<article class=\"w-grid-item size_1x1 post-9689 attachment type-attachment status-inherit hentry\" data-id=\"9689\">\r\n\t\t<div class=\"w-grid-item-h\">\r\n\t\t\t\t\t\t\t<a ref=\"magnificPopupGrid\" href=\"https:\/\/www.taf-taucharbeiten.ch\/wp-content\/uploads\/2021\/06\/TAF-Taucharbeiten-Kernkraftwerke-01.jpg\" class=\"w-grid-item-anchor\" aria-label=\"Dans les centrales nucl\u00e9aires\"><\/a>\r\n\t\t\t\t\t\t<div class=\"w-post-elm post_image usg_post_image_1 stretched\"><img loading=\"lazy\" decoding=\"async\" width=\"1200\" height=\"800\" src=\"https:\/\/www.taf-taucharbeiten.ch\/wp-content\/uploads\/2021\/06\/TAF-Taucharbeiten-Kernkraftwerke-01.jpg\" class=\"attachment-full size-full\" alt=\"Dans les centrales nucl\u00e9aires\" srcset=\"https:\/\/www.taf-taucharbeiten.ch\/wp-content\/uploads\/2021\/06\/TAF-Taucharbeiten-Kernkraftwerke-01.jpg 1200w, https:\/\/www.taf-taucharbeiten.ch\/wp-content\/uploads\/2021\/06\/TAF-Taucharbeiten-Kernkraftwerke-01-300x200.jpg 300w, https:\/\/www.taf-taucharbeiten.ch\/wp-content\/uploads\/2021\/06\/TAF-Taucharbeiten-Kernkraftwerke-01-1024x683.jpg 1024w, https:\/\/www.taf-taucharbeiten.ch\/wp-content\/uploads\/2021\/06\/TAF-Taucharbeiten-Kernkraftwerke-01-445x297.jpg 445w\" sizes=\"auto, (max-width: 1200px) 100vw, 1200px\" \/><\/div>\t\t<\/div>\r\n\t\t\t<\/article>\r\n\t<article class=\"w-grid-item size_1x1 post-9686 attachment type-attachment status-inherit hentry\" data-id=\"9686\">\r\n\t\t<div class=\"w-grid-item-h\">\r\n\t\t\t\t\t\t\t<a ref=\"magnificPopupGrid\" href=\"https:\/\/www.taf-taucharbeiten.ch\/wp-content\/uploads\/2021\/06\/TAF-Taucharbeiten-Kernkraftwerke-06.jpg\" class=\"w-grid-item-anchor\" aria-label=\"Dans les centrales nucl\u00e9aires\"><\/a>\r\n\t\t\t\t\t\t<div class=\"w-post-elm post_image usg_post_image_1 stretched\"><img loading=\"lazy\" decoding=\"async\" width=\"1200\" height=\"800\" src=\"https:\/\/www.taf-taucharbeiten.ch\/wp-content\/uploads\/2021\/06\/TAF-Taucharbeiten-Kernkraftwerke-06.jpg\" class=\"attachment-full size-full\" alt=\"Dans les centrales nucl\u00e9aires\" srcset=\"https:\/\/www.taf-taucharbeiten.ch\/wp-content\/uploads\/2021\/06\/TAF-Taucharbeiten-Kernkraftwerke-06.jpg 1200w, https:\/\/www.taf-taucharbeiten.ch\/wp-content\/uploads\/2021\/06\/TAF-Taucharbeiten-Kernkraftwerke-06-300x200.jpg 300w, https:\/\/www.taf-taucharbeiten.ch\/wp-content\/uploads\/2021\/06\/TAF-Taucharbeiten-Kernkraftwerke-06-1024x683.jpg 1024w, https:\/\/www.taf-taucharbeiten.ch\/wp-content\/uploads\/2021\/06\/TAF-Taucharbeiten-Kernkraftwerke-06-445x297.jpg 445w\" sizes=\"auto, (max-width: 1200px) 100vw, 1200px\" \/><\/div>\t\t<\/div>\r\n\t\t\t<\/article>\r\n<\/div>\t<div class=\"w-grid-preloader\">\r\n\t\t<div class=\"g-preloader type_1\">\r\n\t\t\t<div><\/div>\r\n\t\t<\/div>\r\n\t<\/div>\r\n\t\t<div class=\"w-grid-json hidden\" onclick='return {&quot;action&quot;:&quot;us_ajax_grid&quot;,&quot;infinite_scroll&quot;:0,&quot;max_num_pages&quot;:1,&quot;pagination&quot;:&quot;none&quot;,&quot;template_vars&quot;:{&quot;columns&quot;:&quot;2&quot;,&quot;exclude_items&quot;:&quot;none&quot;,&quot;img_size&quot;:&quot;full&quot;,&quot;ignore_items_size&quot;:0,&quot;items_layout&quot;:&quot;gallery_default&quot;,&quot;items_offset&quot;:&quot;1&quot;,&quot;load_animation&quot;:&quot;none&quot;,&quot;overriding_link&quot;:&quot;%7B%22type%22%3A%22popup_image%22%7D&quot;,&quot;post_id&quot;:0,&quot;query_args&quot;:{&quot;post_type&quot;:[&quot;attachment&quot;],&quot;post__in&quot;:[&quot;9701&quot;,&quot;9698&quot;,&quot;9695&quot;,&quot;9692&quot;,&quot;9689&quot;,&quot;9686&quot;],&quot;post_status&quot;:&quot;inherit&quot;,&quot;post_mime_type&quot;:&quot;image&quot;,&quot;posts_per_page&quot;:&quot;6&quot;},&quot;orderby_query_args&quot;:{&quot;orderby&quot;:{&quot;post__in&quot;:&quot;ASC&quot;},&quot;order&quot;:&quot;ASC&quot;},&quot;type&quot;:&quot;grid&quot;,&quot;us_grid_post_type&quot;:&quot;attachment&quot;,&quot;us_grid_ajax_index&quot;:1,&quot;us_grid_filter_query_string&quot;:null,&quot;us_grid_index&quot;:1,&quot;page_args&quot;:[],&quot;lang&quot;:&quot;fr&quot;}}'><\/div>\r\n\t<\/div><div class=\"w-separator size_small\"><\/div><div class=\"wpb_text_column\"><div class=\"wpb_wrapper\"><p><img loading=\"lazy\" decoding=\"async\" class=\"myresponsive aligncenter wp-image-7355 size-full\" title=\"AKW Schema\" src=\"\/wp-content\/uploads\/2020\/04\/akw-schema1.jpg\" alt=\"Schema centrales nucl\u00e9aires\" width=\"728\" height=\"371\" srcset=\"https:\/\/www.taf-taucharbeiten.ch\/wp-content\/uploads\/2020\/04\/akw-schema1.jpg 728w, https:\/\/www.taf-taucharbeiten.ch\/wp-content\/uploads\/2020\/04\/akw-schema1-300x153.jpg 300w\" sizes=\"auto, (max-width: 728px) 100vw, 728px\" \/><\/p>\n<\/div><\/div><\/div><\/div><\/div><div class=\"vc_col-sm-3 wpb_column vc_column_container\"><div class=\"vc_column-inner\"><div class=\"wpb_wrapper\"><section class=\"l-section wpb_row height_auto width_full\"><div class=\"l-section-h i-cf\"><div class=\"g-cols vc_row via_flex valign_top type_default stacking_default\"><div class=\"vc_col-sm-12 wpb_column vc_column_container\"><div class=\"vc_column-inner\"><div class=\"wpb_wrapper\"><div class=\"wpb_text_column\"><div class=\"wpb_wrapper\"><h2>Nos services<\/h2>\n<\/div><\/div><div class=\"w-separator size_medium\"><\/div><nav class=\"w-menu layout_ver style_links us_menu_1\" style=\"--main-gap:1.5rem;--main-ver-indent:0.8em;--main-hor-indent:0.8em;--main-color:inherit;\"><ul id=\"menu-dienstleistungen-franzoesisch\" class=\"menu\"><li id=\"menu-item-8422\" class=\"menu-item menu-item-type-post_type menu-item-object-page menu-item-8422\"><a href=\"https:\/\/www.taf-taucharbeiten.ch\/fr\/nos-services\/centrales-nucleaires\/\">Centrales nucl\u00e9aires<\/a><\/li><li id=\"menu-item-9380\" class=\"menu-item menu-item-type-post_type menu-item-object-page menu-item-9380\"><a href=\"https:\/\/www.taf-taucharbeiten.ch\/fr\/nos-services\/conduites-sous-lacustres\/\">Conduites sous-lacustres<\/a><\/li><li id=\"menu-item-8424\" class=\"menu-item menu-item-type-post_type menu-item-object-page menu-item-8424\"><a href=\"https:\/\/www.taf-taucharbeiten.ch\/fr\/nos-services\/construction-de-pontons-et-ponts\/\">Construction de pontons et ponts<\/a><\/li><li id=\"menu-item-8423\" class=\"menu-item menu-item-type-post_type menu-item-object-page menu-item-8423\"><a href=\"https:\/\/www.taf-taucharbeiten.ch\/fr\/nos-services\/installations-industrielles\/\">Installations industrielles<\/a><\/li><li id=\"menu-item-11762\" class=\"menu-item menu-item-type-post_type menu-item-object-page menu-item-11762\"><a href=\"https:\/\/www.taf-taucharbeiten.ch\/fr\/nos-services\/les-inspections-la-localisation-et-lesa-nettoyages-rov\/\">Les inspections, la localisation et lesa nettoyages ROV<\/a><\/li><li id=\"menu-item-11761\" class=\"menu-item menu-item-type-post_type menu-item-object-page menu-item-11761\"><a href=\"https:\/\/www.taf-taucharbeiten.ch\/fr\/nos-services\/linspection-des-canalisations-et-la-mesure-laser-crawler-a-150\/\">L\u2019inspection des canalisations et la mesure laser, Crawler A-150<\/a><\/li><li id=\"menu-item-9379\" class=\"menu-item menu-item-type-post_type menu-item-object-page menu-item-9379\"><a href=\"https:\/\/www.taf-taucharbeiten.ch\/fr\/nos-services\/moules-quagga-et-de-type-zebre\/\">Moules Quagga et de type z\u00e8bre<\/a><\/li><li id=\"menu-item-8428\" class=\"menu-item menu-item-type-post_type menu-item-object-page menu-item-8428\"><a href=\"https:\/\/www.taf-taucharbeiten.ch\/fr\/nos-services\/mta-pipe-electroscan\/\">MTA Pipe Electroscan<\/a><\/li><li id=\"menu-item-8427\" class=\"menu-item menu-item-type-post_type menu-item-object-page menu-item-8427\"><a href=\"https:\/\/www.taf-taucharbeiten.ch\/fr\/nos-services\/mta-pipe-inspector\/\">MTA Pipe Inspector<\/a><\/li><li id=\"menu-item-9964\" class=\"menu-item menu-item-type-post_type menu-item-object-page menu-item-9964\"><a href=\"https:\/\/www.taf-taucharbeiten.ch\/fr\/nos-services\/multibeam\/\">Multibeam<\/a><\/li><li id=\"menu-item-11869\" class=\"menu-item menu-item-type-post_type menu-item-object-page menu-item-11869\"><a href=\"https:\/\/www.taf-taucharbeiten.ch\/fr\/nos-services\/lutte-contre-les-neophytes\/\">Lutte contre les n\u00e9ophytes<\/a><\/li><li id=\"menu-item-9378\" class=\"menu-item menu-item-type-post_type menu-item-object-page menu-item-9378\"><a href=\"https:\/\/www.taf-taucharbeiten.ch\/fr\/nos-services\/pelle-araignee-menzi-muck\/\">Pelle araign\u00e9e Menzi Muck<\/a><\/li><li id=\"menu-item-8418\" class=\"menu-item menu-item-type-post_type menu-item-object-page menu-item-8418\"><a href=\"https:\/\/www.taf-taucharbeiten.ch\/fr\/nos-services\/renovation-des-berges-murs-et-ouvrages\/\">R\u00e9novation des berges, murs et ouvrages<\/a><\/li><li id=\"menu-item-8421\" class=\"menu-item menu-item-type-post_type menu-item-object-page menu-item-8421\"><a href=\"https:\/\/www.taf-taucharbeiten.ch\/fr\/nos-services\/stations-depuration-des-eaux-usees\/\">Stations d\u2019\u00e9puration des eaux us\u00e9es<\/a><\/li><li id=\"menu-item-8420\" class=\"menu-item menu-item-type-post_type menu-item-object-page menu-item-8420\"><a href=\"https:\/\/www.taf-taucharbeiten.ch\/fr\/nos-services\/travaux-amphibiques\/\">Travaux amphibiques<\/a><\/li><li id=\"menu-item-8417\" class=\"menu-item menu-item-type-post_type menu-item-object-page menu-item-8417\"><a href=\"https:\/\/www.taf-taucharbeiten.ch\/fr\/nos-services\/travaux-de-construction-demolition-sous-marins\/\">Travaux de construction \/ d\u00e9molition sous-marins<\/a><\/li><li id=\"menu-item-8425\" class=\"menu-item menu-item-type-post_type menu-item-object-page menu-item-8425\"><a href=\"https:\/\/www.taf-taucharbeiten.ch\/fr\/nos-services\/travaux-de-devasement-le-mudmaster\/\">Travaux de d\u00e9vasement: le Mudmaster<\/a><\/li><li id=\"menu-item-8419\" class=\"menu-item menu-item-type-post_type menu-item-object-page menu-item-8419\"><a href=\"https:\/\/www.taf-taucharbeiten.ch\/fr\/nos-services\/eau-potable\/\">Zone d&rsquo;eau potable<\/a><\/li><\/ul><style>@media ( max-width:600px ){.us_menu_1 .menu{display:block!important}.us_menu_1 .menu>li:not(:last-child){margin:0 0 var(--main-gap,1.5rem)!important}}<\/style><\/nav><div class=\"w-separator size_medium\"><\/div><div class=\"w-btn-wrapper align_center\"><a class=\"w-btn us-btn-style_11\" title=\"Demande de service\" href=\"\/fr\/demande-de-service\/\"><span class=\"w-btn-label\">Demande de service<\/span><\/a><\/div><div class=\"w-separator size_medium\"><\/div><div class=\"wpb_text_column\"><div class=\"wpb_wrapper\"><p><a href=\"\/wp-content\/uploads\/2025\/04\/TAF_Doku_FR_2025_mail.pdf\" target=\"_blank\" rel=\"noopener noreferrer\"><img loading=\"lazy\" decoding=\"async\" class=\"myresponsive aligncenter wp-image-8156 size-full\" title=\"T\u00e9l\u00e9charger le portrait de l'entreprise\" src=\"https:\/\/www.taf-taucharbeiten.ch\/wp-content\/uploads\/2020\/05\/Brochuere-DE-2021.png\" alt=\"Firmenportrait herunterladen\" width=\"400\" height=\"515\" srcset=\"https:\/\/www.taf-taucharbeiten.ch\/wp-content\/uploads\/2020\/05\/Brochuere-DE-2021.png 400w, https:\/\/www.taf-taucharbeiten.ch\/wp-content\/uploads\/2020\/05\/Brochuere-DE-2021-233x300.png 233w\" sizes=\"auto, (max-width: 400px) 100vw, 400px\" \/><\/a><\/p>\n<p class=\"myimagetext\">T\u00e9l\u00e9charger le portrait de l&rsquo;entreprise<\/p>\n<\/div><\/div><div class=\"w-separator size_small\"><\/div><div class=\"w-btn-wrapper align_center\"><a class=\"w-btn us-btn-style_1\" title=\"Brochure d&#039;entreprise interactive\" target=\"_blank\" rel=\"nofollow\" href=\"https:\/\/www.unserebroschuere.ch\/taf_fra\/WebView\/\"><span class=\"w-btn-label\">Brochure d&rsquo;entreprise interactive<\/span><\/a><\/div><\/div><\/div><\/div><\/div><\/div><\/section>\n<\/div><\/div><\/div><\/div><\/div><\/section>\n","protected":false},"excerpt":{"rendered":"<p>Nous intervenons sur les composants immerg\u00e9s d&rsquo;une centrale nucl\u00e9aire, tels que dans le r\u00e9acteur, la tour de refroidissement et les structures d&rsquo;admission, le bassin de transfert des \u00e9l\u00e9ments combustibles et les installations ext\u00e9rieures. Nous offrons des services d&rsquo;entretien, d&rsquo;inspection et de r\u00e9paration.<\/p>\n","protected":false},"author":5,"featured_media":7801,"parent":8345,"menu_order":0,"comment_status":"closed","ping_status":"closed","template":"","meta":{"_seopress_robots_primary_cat":"","_seopress_titles_title":"Centrales nucl\u00e9aires - TAF Taucharbeiten AG","_seopress_titles_desc":"Nous intervenons sur les composants immerg\u00e9s d&#039;une centrale nucl\u00e9aire, tels que dans le r\u00e9acteur, la tour de refroidissement et les structures d&#039;admission, le bassin de transfert des \u00e9l\u00e9ments combustibles et les installations ext\u00e9rieures. Nous offrons des services d&#039;entretien, d&#039;inspection et de r\u00e9paration.","_seopress_robots_index":"","footnotes":""},"slider-kategorie":[],"class_list":["post-8337","page","type-page","status-publish","has-post-thumbnail","hentry"],"_links":{"self":[{"href":"https:\/\/www.taf-taucharbeiten.ch\/fr\/wp-json\/wp\/v2\/pages\/8337","targetHints":{"allow":["GET"]}}],"collection":[{"href":"https:\/\/www.taf-taucharbeiten.ch\/fr\/wp-json\/wp\/v2\/pages"}],"about":[{"href":"https:\/\/www.taf-taucharbeiten.ch\/fr\/wp-json\/wp\/v2\/types\/page"}],"author":[{"embeddable":true,"href":"https:\/\/www.taf-taucharbeiten.ch\/fr\/wp-json\/wp\/v2\/users\/5"}],"replies":[{"embeddable":true,"href":"https:\/\/www.taf-taucharbeiten.ch\/fr\/wp-json\/wp\/v2\/comments?post=8337"}],"version-history":[{"count":9,"href":"https:\/\/www.taf-taucharbeiten.ch\/fr\/wp-json\/wp\/v2\/pages\/8337\/revisions"}],"predecessor-version":[{"id":8452,"href":"https:\/\/www.taf-taucharbeiten.ch\/fr\/wp-json\/wp\/v2\/pages\/8337\/revisions\/8452"}],"up":[{"embeddable":true,"href":"https:\/\/www.taf-taucharbeiten.ch\/fr\/wp-json\/wp\/v2\/pages\/8345"}],"wp:featuredmedia":[{"embeddable":true,"href":"https:\/\/www.taf-taucharbeiten.ch\/fr\/wp-json\/wp\/v2\/media\/7801"}],"wp:attachment":[{"href":"https:\/\/www.taf-taucharbeiten.ch\/fr\/wp-json\/wp\/v2\/media?parent=8337"}],"wp:term":[{"taxonomy":"slider-kategorie","embeddable":true,"href":"https:\/\/www.taf-taucharbeiten.ch\/fr\/wp-json\/wp\/v2\/slider-kategorie?post=8337"}],"curies":[{"name":"wp","href":"https:\/\/api.w.org\/{rel}","templated":true}]}}