{"id":8373,"date":"2020-05-29T14:22:52","date_gmt":"2020-05-29T12:22:52","guid":{"rendered":"http:\/\/www.mta-messtechnik.ch\/nos-produits\/"},"modified":"2020-05-30T04:40:07","modified_gmt":"2020-05-30T02:40:07","slug":"nos-produits","status":"publish","type":"page","link":"https:\/\/www.taf-taucharbeiten.ch\/fr\/nos-produits\/","title":{"rendered":"Nos Produits"},"content":{"rendered":"<section class=\"l-section wpb_row height_auto width_full\"><div class=\"l-section-h i-cf\"><div class=\"g-cols vc_row via_flex valign_top type_default stacking_default\"><div class=\"vc_col-sm-12 wpb_column vc_column_container\"><div class=\"vc_column-inner\"><div class=\"wpb_wrapper\">\n\t\t\t\t<p class=\"rs-p-wp-fix\"><\/p>\n\t\t\t\t<sr7-module data-alias=\"unsere-produkte\" data-id=\"24\" id=\"SR7_24_1\" class=\"rs-ov-hidden\" data-version=\"6.7.41\">\n\t\t\t\t\t<sr7-adjuster><\/sr7-adjuster>\n\t\t\t\t\t<sr7-content>\n\t\t\t\t\t\t<sr7-slide id=\"SR7_24_1-49\" data-key=\"49\">\n\t\t\t\t\t\t\t<sr7-bg id=\"SR7_24_1-49-1\" class=\"sr7-layer\"><noscript><img decoding=\"async\" src=\"http:\/\/www.taf-taucharbeiten.ch\/wp-content\/uploads\/2020\/04\/Unsere-Dienstleistungen.jpg\" alt=\"Unsere Dienstleistungen\" title=\"Unsere Dienstleistungen\"><\/noscript><\/sr7-bg>\n\t\t\t\t\t\t\t<h1 id=\"SR7_24_1-49-0\" class=\"sr7-layer\">Nos produits<\/h1>\n\t\t\t\t\t\t<\/sr7-slide>\n\t\t\t\t\t\t<sr7-slide id=\"SR7_24_1-126\" data-key=\"126\">\n\t\t\t\t\t\t<\/sr7-slide>\n\t\t\t\t\t<\/sr7-content>\n\t\t\t\t\t<image_lists style=\"display:none\">\n\t\t\t\t\t\t<img data-src=\"\/\/www.taf-taucharbeiten.ch\/wp-content\/uploads\/2020\/04\/Unsere-Dienstleistungen.jpg\" data-libid=\"7370\" data-lib=\"medialibrary\" alt=\"Unsere Dienstleistungen\" title=\"Unsere Dienstleistungen\" width=\"0\" height=\"0\" data-dbsrc=\"Ly93d3cudGFmLXRhdWNoYXJiZWl0ZW4uY2gvd3AtY29udGVudC91cGxvYWRzLzIwMjAvMDQvVW5zZXJlLURpZW5zdGxlaXN0dW5nZW4uanBn\"\/>\n\t\t\t\t\t<\/image_lists>\n\t\t\t\t<\/sr7-module>\n\t\t\t\t<script>\n\t\t\t\t\tSR7.PMH ??={}; SR7.PMH[\"SR7_24_1\"] = {cn:100,state:false,fn: function() { if (_tpt!==undefined && _tpt.prepareModuleHeight !== undefined) {  _tpt.prepareModuleHeight({id:\"SR7_24_1\",el:[650,650,768,960,720],type:'hero',shdw:'0',gh:[650,650,350,280,210],gw:[1920,1920,1024,778,480],vpt:['-200px&#039;,&#039;-200px&#039;,&#039;-200px&#039;,&#039;-200px&#039;,&#039;-200px'],size:{fullWidth:true, fullHeight:false},mh:'0',onh:0,onw:0,bg:{color:'{\"orig\":\"transparent\",\"type\":\"solid\",\"string\":\"transparent\"}'},plType:'0',plColor:'#FFFFFF'});   SR7.PMH[\"SR7_24_1\"].state=true;} else if(SR7.PMH[\"SR7_24_1\"].cn-->0)\tsetTimeout( SR7.PMH[\"SR7_24_1\"].fn,19);}};SR7.PMH[\"SR7_24_1\" ].fn();\n\t\t\t\t<\/script>\n<\/div><\/div><\/div><\/div><\/div><\/section><section class=\"l-section wpb_row height_medium\"><div class=\"l-section-h i-cf\"><div class=\"g-cols vc_row via_flex valign_top type_default stacking_default\"><div class=\"vc_col-sm-12 wpb_column vc_column_container\"><div class=\"vc_column-inner\"><div class=\"wpb_wrapper\"><div class=\"wpb_text_column\"><div class=\"wpb_wrapper\"><h3 style=\"text-align: left;\">Aper\u00e7u de tous les produits<\/h3>\n<\/div><\/div><div class=\"w-separator size_small\"><\/div><div class=\"w-grid us_grid type_grid layout_7225 cols_3 preload_style_spinner\" id=\"us_grid_1\" style=\"--columns:3;--gap:1.5rem;\"><style>@media (max-width:1024px){#us_grid_1{--columns:2!important}}@media (max-width:600px){#us_grid_1{--columns:1!important}}.layout_7225 .w-grid-item-h{}.layout_7225 .usg_post_title_1{font-weight:600!important;font-size:18px!important}.layout_7225 .usg_post_content_1{text-align:left!important}<\/style><div class=\"w-grid-list\">\t<article class=\"w-grid-item size_1x1 post-8367 page type-page status-publish has-post-thumbnail hentry\" data-id=\"8367\">\r\n\t\t<div class=\"w-grid-item-h\">\r\n\t\t\t\t\t\t<div class=\"w-vwrapper usg_vwrapper_1 align_center valign_top\"><div class=\"w-post-elm post_image usg_post_image_1 stretched\"><a href=\"https:\/\/www.taf-taucharbeiten.ch\/fr\/nos-produits\/leve-plaques-magnetique-mta\/\" aria-label=\"L\u00e8ve-plaques magn\u00e9tique MTA\"><img loading=\"lazy\" decoding=\"async\" width=\"1200\" height=\"630\" src=\"https:\/\/www.taf-taucharbeiten.ch\/wp-content\/uploads\/2020\/04\/MTA-Magnetdeckelheber-SM.jpg\" class=\"attachment-full size-full wp-post-image\" alt=\"MTA-Magnetdeckelheber-SM\" srcset=\"https:\/\/www.taf-taucharbeiten.ch\/wp-content\/uploads\/2020\/04\/MTA-Magnetdeckelheber-SM.jpg 1200w, https:\/\/www.taf-taucharbeiten.ch\/wp-content\/uploads\/2020\/04\/MTA-Magnetdeckelheber-SM-300x158.jpg 300w, https:\/\/www.taf-taucharbeiten.ch\/wp-content\/uploads\/2020\/04\/MTA-Magnetdeckelheber-SM-1024x538.jpg 1024w\" sizes=\"auto, (max-width: 1200px) 100vw, 1200px\" \/><\/a><\/div><div class=\"w-post-elm post_title usg_post_title_1 align_center entry-title color_link_inherit\"><a href=\"https:\/\/www.taf-taucharbeiten.ch\/fr\/nos-produits\/leve-plaques-magnetique-mta\/\">L\u00e8ve-plaques magn\u00e9tique MTA<\/a><\/div><div class=\"w-post-elm post_content usg_post_content_1 myowntext\"><p>Pour d\u00e9placer en toute s\u00e9curit\u00e9 des plaques en fer et en acier. Les l\u00e8ve-plaques sont des aides qui simplifient l&rsquo;ouverture, la fermeture et le d\u00e9placement des couvercles de regards. Ils permettent de r\u00e9duire consid\u00e9rablement les efforts et le risque d&rsquo;accident.<\/p>\n<\/div><\/div>\t\t<\/div>\r\n\t\t\t<\/article>\r\n\t<article class=\"w-grid-item size_1x1 post-8365 page type-page status-publish has-post-thumbnail hentry\" data-id=\"8365\">\r\n\t\t<div class=\"w-grid-item-h\">\r\n\t\t\t\t\t\t<div class=\"w-vwrapper usg_vwrapper_1 align_center valign_top\"><div class=\"w-post-elm post_image usg_post_image_1 stretched\"><a href=\"https:\/\/www.taf-taucharbeiten.ch\/fr\/nos-produits\/soupape-anti-refoulement-mwstop\/\" aria-label=\"Soupape anti-refoulement MTA\"><img loading=\"lazy\" decoding=\"async\" width=\"1200\" height=\"630\" src=\"https:\/\/www.taf-taucharbeiten.ch\/wp-content\/uploads\/2020\/04\/MwStop-R\u00fcckstauventil-SM.jpg\" class=\"attachment-full size-full wp-post-image\" alt=\"\" srcset=\"https:\/\/www.taf-taucharbeiten.ch\/wp-content\/uploads\/2020\/04\/MwStop-R\u00fcckstauventil-SM.jpg 1200w, https:\/\/www.taf-taucharbeiten.ch\/wp-content\/uploads\/2020\/04\/MwStop-R\u00fcckstauventil-SM-300x158.jpg 300w, https:\/\/www.taf-taucharbeiten.ch\/wp-content\/uploads\/2020\/04\/MwStop-R\u00fcckstauventil-SM-1024x538.jpg 1024w\" sizes=\"auto, (max-width: 1200px) 100vw, 1200px\" \/><\/a><\/div><div class=\"w-post-elm post_title usg_post_title_1 align_center entry-title color_link_inherit\"><a href=\"https:\/\/www.taf-taucharbeiten.ch\/fr\/nos-produits\/soupape-anti-refoulement-mwstop\/\">Soupape anti-refoulement MTA<\/a><\/div><div class=\"w-post-elm post_content usg_post_content_1 myowntext\"><p>Une protection efficace contre les inondations, les corps \u00e9trangers et les odeurs d\u00e9sagr\u00e9ables. Domaine d&rsquo;application pour la protection contre le refoulement des r\u00e9seaux de canalisation et des conduits d&rsquo;eau pluviale ou pour la pr\u00e9vention de la formation d&rsquo;odeurs dans les conduits de m\u00e9lange.<\/p>\n<\/div><\/div>\t\t<\/div>\r\n\t\t\t<\/article>\r\n<\/div>\t<div class=\"w-grid-preloader\">\r\n\t\t<div class=\"g-preloader type_1\">\r\n\t\t\t<div><\/div>\r\n\t\t<\/div>\r\n\t<\/div>\r\n\t\t<div class=\"w-grid-json hidden\" onclick='return {&quot;action&quot;:&quot;us_ajax_grid&quot;,&quot;infinite_scroll&quot;:0,&quot;max_num_pages&quot;:1,&quot;pagination&quot;:&quot;none&quot;,&quot;template_vars&quot;:{&quot;columns&quot;:&quot;3&quot;,&quot;exclude_items&quot;:&quot;none&quot;,&quot;img_size&quot;:&quot;default&quot;,&quot;ignore_items_size&quot;:0,&quot;items_layout&quot;:&quot;7225&quot;,&quot;items_offset&quot;:&quot;1&quot;,&quot;load_animation&quot;:&quot;none&quot;,&quot;overriding_link&quot;:&quot;{\\&quot;url\\&quot;:\\&quot;\\&quot;}&quot;,&quot;post_id&quot;:0,&quot;query_args&quot;:{&quot;ignore_sticky_posts&quot;:1,&quot;post_type&quot;:&quot;any&quot;,&quot;post__in&quot;:[&quot;7287&quot;,&quot;7307&quot;,&quot;7291&quot;],&quot;posts_per_page&quot;:&quot;3&quot;},&quot;orderby_query_args&quot;:{&quot;orderby&quot;:{&quot;post__in&quot;:&quot;ASC&quot;},&quot;order&quot;:&quot;ASC&quot;},&quot;type&quot;:&quot;grid&quot;,&quot;us_grid_post_type&quot;:&quot;ids&quot;,&quot;us_grid_ajax_index&quot;:1,&quot;us_grid_filter_query_string&quot;:null,&quot;us_grid_index&quot;:1,&quot;page_args&quot;:[],&quot;lang&quot;:&quot;fr&quot;}}'><\/div>\r\n\t<\/div><\/div><\/div><\/div><\/div><\/div><\/section>\n","protected":false},"excerpt":{"rendered":"<p>Le clapet anti-retour de TVA, le poussoir de couvercle magn\u00e9tique MTA et le protecteur d&rsquo;arbre MTA SP 1000 sont des produits que nous vendons.<\/p>\n","protected":false},"author":5,"featured_media":8131,"parent":0,"menu_order":0,"comment_status":"closed","ping_status":"closed","template":"","meta":{"_seopress_robots_primary_cat":"","_seopress_titles_title":"Aper\u00e7u de tous les produits - TAF Taucharbeiten AG","_seopress_titles_desc":"Le clapet anti-retour de TVA, le poussoir de couvercle magn\u00e9tique MTA et le protecteur d&#039;arbre MTA SP 1000 sont des produits que nous vendons.","_seopress_robots_index":"","footnotes":""},"slider-kategorie":[],"class_list":["post-8373","page","type-page","status-publish","has-post-thumbnail","hentry"],"_links":{"self":[{"href":"https:\/\/www.taf-taucharbeiten.ch\/fr\/wp-json\/wp\/v2\/pages\/8373","targetHints":{"allow":["GET"]}}],"collection":[{"href":"https:\/\/www.taf-taucharbeiten.ch\/fr\/wp-json\/wp\/v2\/pages"}],"about":[{"href":"https:\/\/www.taf-taucharbeiten.ch\/fr\/wp-json\/wp\/v2\/types\/page"}],"author":[{"embeddable":true,"href":"https:\/\/www.taf-taucharbeiten.ch\/fr\/wp-json\/wp\/v2\/users\/5"}],"replies":[{"embeddable":true,"href":"https:\/\/www.taf-taucharbeiten.ch\/fr\/wp-json\/wp\/v2\/comments?post=8373"}],"version-history":[{"count":1,"href":"https:\/\/www.taf-taucharbeiten.ch\/fr\/wp-json\/wp\/v2\/pages\/8373\/revisions"}],"predecessor-version":[{"id":8374,"href":"https:\/\/www.taf-taucharbeiten.ch\/fr\/wp-json\/wp\/v2\/pages\/8373\/revisions\/8374"}],"wp:featuredmedia":[{"embeddable":true,"href":"https:\/\/www.taf-taucharbeiten.ch\/fr\/wp-json\/wp\/v2\/media\/8131"}],"wp:attachment":[{"href":"https:\/\/www.taf-taucharbeiten.ch\/fr\/wp-json\/wp\/v2\/media?parent=8373"}],"wp:term":[{"taxonomy":"slider-kategorie","embeddable":true,"href":"https:\/\/www.taf-taucharbeiten.ch\/fr\/wp-json\/wp\/v2\/slider-kategorie?post=8373"}],"curies":[{"name":"wp","href":"https:\/\/api.w.org\/{rel}","templated":true}]}}