{"id":8375,"date":"2020-05-29T14:26:16","date_gmt":"2020-05-29T12:26:16","guid":{"rendered":"http:\/\/www.mta-messtechnik.ch\/imprimer\/"},"modified":"2020-05-30T03:38:44","modified_gmt":"2020-05-30T01:38:44","slug":"imprimer","status":"publish","type":"page","link":"https:\/\/www.taf-taucharbeiten.ch\/fr\/imprimer\/","title":{"rendered":"Imprimer"},"content":{"rendered":"<section class=\"l-section wpb_row height_medium\"><div class=\"l-section-h i-cf\"><div class=\"g-cols vc_row via_flex valign_top type_default stacking_default\"><div class=\"vc_col-sm-12 wpb_column vc_column_container\"><div class=\"vc_column-inner\"><div class=\"wpb_wrapper\"><h2 class=\"w-post-elm post_title entry-title color_link_inherit\">Imprimer<\/h2><div class=\"w-separator size_small\"><\/div><div class=\"wpb_text_column\"><div class=\"wpb_wrapper\"><p><strong>Responsable<\/strong><\/p>\n<p><strong>taf taucharbeiten ag<\/strong><br \/>\nS\u00fcdstrasse 21<br \/>\nCH-3250 Lyss<br \/>\nT +41 32 392 73 20<br \/>\n&#105;n&#102;o&#64;t&#x61;f&#x2d;t&#x61;u&#x63;h&#x61;r&#x62;e&#x69;t&#x65;n&#x2e;c&#x68;<\/p>\n<p><strong>Types de donn\u00e9es trait\u00e9es:<\/strong><\/p>\n<p>&#8211; Donn\u00e9es d&rsquo;inventaire (par exemple, noms, adresses).<br \/>\n&#8211; Coordonn\u00e9es (par exemple, e-mail, num\u00e9ros de t\u00e9l\u00e9phone).<br \/>\n&#8211; Donn\u00e9es de contenu (par exemple, entr\u00e9es de texte, photographies, vid\u00e9os).<br \/>\n&#8211; Donn\u00e9es d&rsquo;utilisation (par exemple, sites Web visit\u00e9s, int\u00e9r\u00eat pour le contenu, temps d&rsquo;acc\u00e8s).<br \/>\n&#8211; M\u00e9ta \/ donn\u00e9es de communication (par exemple, informations sur l&rsquo;appareil, adresses IP)<\/p>\n<p><strong>Cat\u00e9gories de personnes concern\u00e9es<\/strong><\/p>\n<p>Visiteurs et utilisateurs de l&rsquo;offre en ligne (ci-apr\u00e8s, nous d\u00e9signons collectivement les personnes concern\u00e9es comme des \u00ab\u00a0utilisateurs\u00a0\u00bb).<\/p>\n<p><strong>Finalit\u00e9 du traitement<\/strong><\/p>\n<p>&#8211; Fournir l&rsquo;offre en ligne, ses fonctions et son contenu.<br \/>\n&#8211; R\u00e9pondre aux demandes de contact et communiquer avec les utilisateurs.<br \/>\n&#8211; Mesures de s\u00e9curit\u00e9.<br \/>\n&#8211; Mesure de gamme \/ marketing<\/p>\n<\/div><\/div><\/div><\/div><\/div><\/div><\/div><\/section>\n","protected":false},"excerpt":{"rendered":"<p>Informations sur qui est responsable de ce site Web.<\/p>\n","protected":false},"author":5,"featured_media":8043,"parent":0,"menu_order":0,"comment_status":"closed","ping_status":"closed","template":"","meta":{"_seopress_robots_primary_cat":"","_seopress_titles_title":"Imprimer - TAF Taucharbeiten AG","_seopress_titles_desc":"Informations sur qui est responsable de ce site Web.","_seopress_robots_index":"","footnotes":""},"slider-kategorie":[],"class_list":["post-8375","page","type-page","status-publish","has-post-thumbnail","hentry"],"_links":{"self":[{"href":"https:\/\/www.taf-taucharbeiten.ch\/fr\/wp-json\/wp\/v2\/pages\/8375","targetHints":{"allow":["GET"]}}],"collection":[{"href":"https:\/\/www.taf-taucharbeiten.ch\/fr\/wp-json\/wp\/v2\/pages"}],"about":[{"href":"https:\/\/www.taf-taucharbeiten.ch\/fr\/wp-json\/wp\/v2\/types\/page"}],"author":[{"embeddable":true,"href":"https:\/\/www.taf-taucharbeiten.ch\/fr\/wp-json\/wp\/v2\/users\/5"}],"replies":[{"embeddable":true,"href":"https:\/\/www.taf-taucharbeiten.ch\/fr\/wp-json\/wp\/v2\/comments?post=8375"}],"version-history":[{"count":3,"href":"https:\/\/www.taf-taucharbeiten.ch\/fr\/wp-json\/wp\/v2\/pages\/8375\/revisions"}],"predecessor-version":[{"id":8444,"href":"https:\/\/www.taf-taucharbeiten.ch\/fr\/wp-json\/wp\/v2\/pages\/8375\/revisions\/8444"}],"wp:featuredmedia":[{"embeddable":true,"href":"https:\/\/www.taf-taucharbeiten.ch\/fr\/wp-json\/wp\/v2\/media\/8043"}],"wp:attachment":[{"href":"https:\/\/www.taf-taucharbeiten.ch\/fr\/wp-json\/wp\/v2\/media?parent=8375"}],"wp:term":[{"taxonomy":"slider-kategorie","embeddable":true,"href":"https:\/\/www.taf-taucharbeiten.ch\/fr\/wp-json\/wp\/v2\/slider-kategorie?post=8375"}],"curies":[{"name":"wp","href":"https:\/\/api.w.org\/{rel}","templated":true}]}}