{"id":9303,"date":"2020-09-30T02:47:46","date_gmt":"2020-09-30T00:47:46","guid":{"rendered":"https:\/\/www.taf-taucharbeiten.ch\/nos-services\/conduites-sous-lacustres\/"},"modified":"2022-05-30T09:08:28","modified_gmt":"2022-05-30T07:08:28","slug":"conduites-sous-lacustres","status":"publish","type":"page","link":"https:\/\/www.taf-taucharbeiten.ch\/fr\/nos-services\/conduites-sous-lacustres\/","title":{"rendered":"Conduites sous-lacustres"},"content":{"rendered":"<section class=\"l-section wpb_row height_auto width_full\"><div class=\"l-section-h i-cf\"><div class=\"g-cols vc_row via_flex valign_top type_default stacking_default\"><div class=\"vc_col-sm-12 wpb_column vc_column_container\"><div class=\"vc_column-inner\"><div class=\"wpb_wrapper\">\n\t\t\t\t<p class=\"rs-p-wp-fix\"><\/p>\n\t\t\t\t<sr7-module data-alias=\"seeleitungen\" data-id=\"30\" id=\"SR7_30_1\" class=\"rs-ov-hidden\" data-version=\"6.7.41\">\n\t\t\t\t\t<sr7-adjuster><\/sr7-adjuster>\n\t\t\t\t\t<sr7-content>\n\t\t\t\t\t\t<sr7-slide id=\"SR7_30_1-101\" data-key=\"101\">\n\t\t\t\t\t\t\t<sr7-bg id=\"SR7_30_1-101-1\" class=\"sr7-layer\"><noscript><img decoding=\"async\" src=\"https:\/\/www.taf-taucharbeiten.ch\/wp-content\/uploads\/2020\/09\/Seeleitungen-Headerbild.jpg\" alt=\"Seeleitungen\" title=\"Seeleitungen\"><\/noscript><\/sr7-bg>\n\t\t\t\t\t\t\t<h1 id=\"SR7_30_1-101-0\" class=\"sr7-layer\">Conduites sous-lacustres<\/h1>\n\t\t\t\t\t\t<\/sr7-slide>\n\t\t\t\t\t\t<sr7-slide id=\"SR7_30_1-131\" data-key=\"131\">\n\t\t\t\t\t\t<\/sr7-slide>\n\t\t\t\t\t<\/sr7-content>\n\t\t\t\t\t<image_lists style=\"display:none\">\n\t\t\t\t\t\t<img data-src=\"\/\/www.taf-taucharbeiten.ch\/wp-content\/uploads\/2020\/09\/Seeleitungen-Headerbild.jpg\" data-libid=\"9287\" data-lib=\"medialibrary\" alt=\"Seeleitungen\" title=\"Seeleitungen\" width=\"0\" height=\"0\" data-dbsrc=\"Ly93d3cudGFmLXRhdWNoYXJiZWl0ZW4uY2gvd3AtY29udGVudC91cGxvYWRzLzIwMjAvMDkvU2VlbGVpdHVuZ2VuLUhlYWRlcmJpbGQuanBn\"\/>\n\t\t\t\t\t<\/image_lists>\n\t\t\t\t<\/sr7-module>\n\t\t\t\t<script>\n\t\t\t\t\tSR7.PMH ??={}; SR7.PMH[\"SR7_30_1\"] = {cn:100,state:false,fn: function() { if (_tpt!==undefined && _tpt.prepareModuleHeight !== undefined) {  _tpt.prepareModuleHeight({id:\"SR7_30_1\",el:[650,650,768,960,720],type:'hero',shdw:'0',gh:[650,650,,,],gw:[1920,1920,,,],vpt:['-200px'],size:{fullWidth:true, fullHeight:false},mh:'0',onh:0,onw:0,bg:{color:'{\"orig\":\"transparent\",\"type\":\"solid\",\"string\":\"transparent\"}'},plType:'0',plColor:'#FFFFFF'});   SR7.PMH[\"SR7_30_1\"].state=true;} else if(SR7.PMH[\"SR7_30_1\"].cn-->0)\tsetTimeout( SR7.PMH[\"SR7_30_1\"].fn,19);}};SR7.PMH[\"SR7_30_1\" ].fn();\n\t\t\t\t<\/script>\n<\/div><\/div><\/div><\/div><\/div><\/section><section class=\"l-section wpb_row height_medium\"><div class=\"l-section-h i-cf\"><div class=\"g-cols vc_row via_flex valign_top type_default stacking_default\"><div class=\"vc_col-sm-9 wpb_column vc_column_container\"><div class=\"vc_column-inner\"><div class=\"wpb_wrapper\"><div class=\"wpb_text_column\"><div class=\"wpb_wrapper\"><h2>Conduites sous-lacustres \/ construction de conduites sous-lacustres<\/h2>\n<\/div><\/div><div class=\"w-separator size_small\"><\/div><div class=\"wpb_text_column\"><div class=\"wpb_wrapper\"><p class=\"myowntext\">Nos lacs, situ\u00e9s principalement dans des r\u00e9gions dens\u00e9ment peupl\u00e9es, sont les interfaces de connexion les plus directes pour les r\u00e9seaux \u00e9lectriques ou de communication ainsi que les conduites d\u2019eau, d\u2019air et de gaz.<\/p>\n<\/div><\/div><div class=\"w-separator size_small\"><\/div><div class=\"wpb_text_column\"><div class=\"wpb_wrapper\"><p class=\"myowntext\">Divers types de conduites sous-lacustres se trouvent dans nos eaux :<\/p>\n<p><strong>C\u00e2bles sous-marins<\/strong>: pour, par exemple, l\u2019acheminement des t\u00e9l\u00e9communications (Internet, t\u00e9l\u00e9phone, t\u00e9l\u00e9vision) ainsi que l\u2019alimentation \u00e9lectrique<br \/>\n<strong>Canalisations en acier<\/strong>: captages dans les lacs, effluents des stations d\u2019\u00e9puration, conduites de gaz et d\u2019eau potable, eau des lacs pour refroidir et chauffer ainsi que conduites d\u2019eaux us\u00e9es et travers\u00e9es de c\u00e2bles, etc.<br \/>\n<strong>Conduites PE<\/strong>: similaires aux canalisations en acier ainsi que conduites de refoulement et tubes guide-c\u00e2bles pour lignes \u00e0 haute tension et conduits d\u2019a\u00e9ration, etc.<\/p>\n<\/div><\/div><div class=\"w-separator size_small\"><\/div><div class=\"wpb_text_column\"><div class=\"wpb_wrapper\"><p class=\"myowntext\">Sous l\u2019eau, les conditions peuvent souvent s\u2019av\u00e9rer compliqu\u00e9es et rudes. Citons \u00e0 titre d\u2019exemple notable les fortes profondeurs, notamment dans les Alpes, ou \u00e0 l\u2019inverse des profondeurs tr\u00e8s faibles associ\u00e9es \u00e0 des rives \u00e9troites. Il faut en outre souvent se plier \u00e0<br \/>\ndes exigences environnementales. Il n\u2019est souvent gu\u00e8re voire pas possible de recourir \u00e0 un dispositif flottant lourd. Les projets d\u2019installation de conduites sous-lacustres n\u00e9cessitent de ce fait de pr\u00e9parer minutieusement les processus de pose, lesquels font g\u00e9n\u00e9ralement l\u2019objet d\u2019une personnalisation pouss\u00e9e. L\u2019exploitation des conduites, y compris les travaux d\u2019entretien et de r\u00e9paration, doit \u00e9galement \u00eatre pris en consid\u00e9ration.<\/p>\n<p class=\"myowntext\">Notre entreprise construit des conduites sous-lacustres depuis plus de 20 ans. Nos plongeurs exp\u00e9riment\u00e9s ainsi que notre parc de machines de qualit\u00e9 et moderne nous permettent de r\u00e9aliser tous types de travaux en lien avec des conduites sous-lacustres, et ce en satisfaisant aux exigences les plus strictes en mati\u00e8re de s\u00e9curit\u00e9. Les professionnels que nous sommes relevons ces d\u00e9fis et nous vous accompagnons dans la r\u00e9ussite de votre projet.<\/p>\n<\/div><\/div><div class=\"w-separator size_small\"><\/div><div class=\"w-grid us_grid type_grid layout_gallery_default cols_2 preload_style_spinner\" id=\"us_grid_1\" style=\"--columns:2;--gap:0.5rem;\" data-filterable=\"true\"><style>@media (max-width:600px){#us_grid_1{--columns:1!important}}.layout_gallery_default .w-grid-item-h{}<\/style><div class=\"w-grid-list\">\t<article class=\"w-grid-item size_1x1 post-9833 attachment type-attachment status-inherit hentry\" data-id=\"9833\">\r\n\t\t<div class=\"w-grid-item-h\">\r\n\t\t\t\t\t\t\t<a ref=\"magnificPopupGrid\" href=\"https:\/\/www.taf-taucharbeiten.ch\/wp-content\/uploads\/2021\/06\/TAF-Taucharbeiten_Seeleitungen-6.jpg\" class=\"w-grid-item-anchor\" aria-label=\"Conduites sous-lacustres\"><\/a>\r\n\t\t\t\t\t\t<div class=\"w-post-elm post_image usg_post_image_1 stretched\"><img loading=\"lazy\" decoding=\"async\" width=\"1200\" height=\"800\" src=\"https:\/\/www.taf-taucharbeiten.ch\/wp-content\/uploads\/2021\/06\/TAF-Taucharbeiten_Seeleitungen-6.jpg\" class=\"attachment-full size-full\" alt=\"Conduites sous-lacustres\" srcset=\"https:\/\/www.taf-taucharbeiten.ch\/wp-content\/uploads\/2021\/06\/TAF-Taucharbeiten_Seeleitungen-6.jpg 1200w, https:\/\/www.taf-taucharbeiten.ch\/wp-content\/uploads\/2021\/06\/TAF-Taucharbeiten_Seeleitungen-6-300x200.jpg 300w, https:\/\/www.taf-taucharbeiten.ch\/wp-content\/uploads\/2021\/06\/TAF-Taucharbeiten_Seeleitungen-6-1024x683.jpg 1024w, https:\/\/www.taf-taucharbeiten.ch\/wp-content\/uploads\/2021\/06\/TAF-Taucharbeiten_Seeleitungen-6-445x297.jpg 445w\" sizes=\"auto, (max-width: 1200px) 100vw, 1200px\" \/><\/div>\t\t<\/div>\r\n\t\t\t<\/article>\r\n\t<article class=\"w-grid-item size_1x1 post-9830 attachment type-attachment status-inherit hentry\" data-id=\"9830\">\r\n\t\t<div class=\"w-grid-item-h\">\r\n\t\t\t\t\t\t\t<a ref=\"magnificPopupGrid\" href=\"https:\/\/www.taf-taucharbeiten.ch\/wp-content\/uploads\/2021\/06\/TAF-Taucharbeiten_Seeleitungen-5.jpg\" class=\"w-grid-item-anchor\" aria-label=\"Conduites sous-lacustres\"><\/a>\r\n\t\t\t\t\t\t<div class=\"w-post-elm post_image usg_post_image_1 stretched\"><img loading=\"lazy\" decoding=\"async\" width=\"1200\" height=\"800\" src=\"https:\/\/www.taf-taucharbeiten.ch\/wp-content\/uploads\/2021\/06\/TAF-Taucharbeiten_Seeleitungen-5.jpg\" class=\"attachment-full size-full\" alt=\"Conduites sous-lacustres\" srcset=\"https:\/\/www.taf-taucharbeiten.ch\/wp-content\/uploads\/2021\/06\/TAF-Taucharbeiten_Seeleitungen-5.jpg 1200w, https:\/\/www.taf-taucharbeiten.ch\/wp-content\/uploads\/2021\/06\/TAF-Taucharbeiten_Seeleitungen-5-300x200.jpg 300w, https:\/\/www.taf-taucharbeiten.ch\/wp-content\/uploads\/2021\/06\/TAF-Taucharbeiten_Seeleitungen-5-1024x683.jpg 1024w, https:\/\/www.taf-taucharbeiten.ch\/wp-content\/uploads\/2021\/06\/TAF-Taucharbeiten_Seeleitungen-5-445x297.jpg 445w\" sizes=\"auto, (max-width: 1200px) 100vw, 1200px\" \/><\/div>\t\t<\/div>\r\n\t\t\t<\/article>\r\n\t<article class=\"w-grid-item size_1x1 post-9827 attachment type-attachment status-inherit hentry\" data-id=\"9827\">\r\n\t\t<div class=\"w-grid-item-h\">\r\n\t\t\t\t\t\t\t<a ref=\"magnificPopupGrid\" href=\"https:\/\/www.taf-taucharbeiten.ch\/wp-content\/uploads\/2021\/06\/TAF-Taucharbeiten_Seeleitungen-4.jpg\" class=\"w-grid-item-anchor\" aria-label=\"Conduites sous-lacustres\"><\/a>\r\n\t\t\t\t\t\t<div class=\"w-post-elm post_image usg_post_image_1 stretched\"><img loading=\"lazy\" decoding=\"async\" width=\"1200\" height=\"800\" src=\"https:\/\/www.taf-taucharbeiten.ch\/wp-content\/uploads\/2021\/06\/TAF-Taucharbeiten_Seeleitungen-4.jpg\" class=\"attachment-full size-full\" alt=\"Conduites sous-lacustres\" srcset=\"https:\/\/www.taf-taucharbeiten.ch\/wp-content\/uploads\/2021\/06\/TAF-Taucharbeiten_Seeleitungen-4.jpg 1200w, https:\/\/www.taf-taucharbeiten.ch\/wp-content\/uploads\/2021\/06\/TAF-Taucharbeiten_Seeleitungen-4-300x200.jpg 300w, https:\/\/www.taf-taucharbeiten.ch\/wp-content\/uploads\/2021\/06\/TAF-Taucharbeiten_Seeleitungen-4-1024x683.jpg 1024w, https:\/\/www.taf-taucharbeiten.ch\/wp-content\/uploads\/2021\/06\/TAF-Taucharbeiten_Seeleitungen-4-445x297.jpg 445w\" sizes=\"auto, (max-width: 1200px) 100vw, 1200px\" \/><\/div>\t\t<\/div>\r\n\t\t\t<\/article>\r\n\t<article class=\"w-grid-item size_1x1 post-9824 attachment type-attachment status-inherit hentry\" data-id=\"9824\">\r\n\t\t<div class=\"w-grid-item-h\">\r\n\t\t\t\t\t\t\t<a ref=\"magnificPopupGrid\" href=\"https:\/\/www.taf-taucharbeiten.ch\/wp-content\/uploads\/2021\/06\/TAF-Taucharbeiten_Seeleitungen-3.jpg\" class=\"w-grid-item-anchor\" aria-label=\"Conduites sous-lacustres\"><\/a>\r\n\t\t\t\t\t\t<div class=\"w-post-elm post_image usg_post_image_1 stretched\"><img loading=\"lazy\" decoding=\"async\" width=\"1200\" height=\"800\" src=\"https:\/\/www.taf-taucharbeiten.ch\/wp-content\/uploads\/2021\/06\/TAF-Taucharbeiten_Seeleitungen-3.jpg\" class=\"attachment-full size-full\" alt=\"Conduites sous-lacustres\" srcset=\"https:\/\/www.taf-taucharbeiten.ch\/wp-content\/uploads\/2021\/06\/TAF-Taucharbeiten_Seeleitungen-3.jpg 1200w, https:\/\/www.taf-taucharbeiten.ch\/wp-content\/uploads\/2021\/06\/TAF-Taucharbeiten_Seeleitungen-3-300x200.jpg 300w, https:\/\/www.taf-taucharbeiten.ch\/wp-content\/uploads\/2021\/06\/TAF-Taucharbeiten_Seeleitungen-3-1024x683.jpg 1024w, https:\/\/www.taf-taucharbeiten.ch\/wp-content\/uploads\/2021\/06\/TAF-Taucharbeiten_Seeleitungen-3-445x297.jpg 445w\" sizes=\"auto, (max-width: 1200px) 100vw, 1200px\" \/><\/div>\t\t<\/div>\r\n\t\t\t<\/article>\r\n\t<article class=\"w-grid-item size_1x1 post-9821 attachment type-attachment status-inherit hentry\" data-id=\"9821\">\r\n\t\t<div class=\"w-grid-item-h\">\r\n\t\t\t\t\t\t\t<a ref=\"magnificPopupGrid\" href=\"https:\/\/www.taf-taucharbeiten.ch\/wp-content\/uploads\/2021\/06\/TAF-Taucharbeiten_Seeleitungen-2.jpg\" class=\"w-grid-item-anchor\" aria-label=\"Conduites sous-lacustres\"><\/a>\r\n\t\t\t\t\t\t<div class=\"w-post-elm post_image usg_post_image_1 stretched\"><img loading=\"lazy\" decoding=\"async\" width=\"1200\" height=\"800\" src=\"https:\/\/www.taf-taucharbeiten.ch\/wp-content\/uploads\/2021\/06\/TAF-Taucharbeiten_Seeleitungen-2.jpg\" class=\"attachment-full size-full\" alt=\"Conduites sous-lacustres\" srcset=\"https:\/\/www.taf-taucharbeiten.ch\/wp-content\/uploads\/2021\/06\/TAF-Taucharbeiten_Seeleitungen-2.jpg 1200w, https:\/\/www.taf-taucharbeiten.ch\/wp-content\/uploads\/2021\/06\/TAF-Taucharbeiten_Seeleitungen-2-300x200.jpg 300w, https:\/\/www.taf-taucharbeiten.ch\/wp-content\/uploads\/2021\/06\/TAF-Taucharbeiten_Seeleitungen-2-1024x683.jpg 1024w, https:\/\/www.taf-taucharbeiten.ch\/wp-content\/uploads\/2021\/06\/TAF-Taucharbeiten_Seeleitungen-2-445x297.jpg 445w\" sizes=\"auto, (max-width: 1200px) 100vw, 1200px\" \/><\/div>\t\t<\/div>\r\n\t\t\t<\/article>\r\n\t<article class=\"w-grid-item size_1x1 post-9818 attachment type-attachment status-inherit hentry\" data-id=\"9818\">\r\n\t\t<div class=\"w-grid-item-h\">\r\n\t\t\t\t\t\t\t<a ref=\"magnificPopupGrid\" href=\"https:\/\/www.taf-taucharbeiten.ch\/wp-content\/uploads\/2021\/06\/TAF-Taucharbeiten_Seeleitungen-1.jpg\" class=\"w-grid-item-anchor\" aria-label=\"Conduites sous-lacustres\"><\/a>\r\n\t\t\t\t\t\t<div class=\"w-post-elm post_image usg_post_image_1 stretched\"><img loading=\"lazy\" decoding=\"async\" width=\"1200\" height=\"800\" src=\"https:\/\/www.taf-taucharbeiten.ch\/wp-content\/uploads\/2021\/06\/TAF-Taucharbeiten_Seeleitungen-1.jpg\" class=\"attachment-full size-full\" alt=\"Conduites sous-lacustres\" srcset=\"https:\/\/www.taf-taucharbeiten.ch\/wp-content\/uploads\/2021\/06\/TAF-Taucharbeiten_Seeleitungen-1.jpg 1200w, https:\/\/www.taf-taucharbeiten.ch\/wp-content\/uploads\/2021\/06\/TAF-Taucharbeiten_Seeleitungen-1-300x200.jpg 300w, https:\/\/www.taf-taucharbeiten.ch\/wp-content\/uploads\/2021\/06\/TAF-Taucharbeiten_Seeleitungen-1-1024x683.jpg 1024w, https:\/\/www.taf-taucharbeiten.ch\/wp-content\/uploads\/2021\/06\/TAF-Taucharbeiten_Seeleitungen-1-445x297.jpg 445w\" sizes=\"auto, (max-width: 1200px) 100vw, 1200px\" \/><\/div>\t\t<\/div>\r\n\t\t\t<\/article>\r\n<\/div>\t<div class=\"w-grid-preloader\">\r\n\t\t<div class=\"g-preloader type_1\">\r\n\t\t\t<div><\/div>\r\n\t\t<\/div>\r\n\t<\/div>\r\n\t\t<div class=\"w-grid-json hidden\" onclick='return {&quot;action&quot;:&quot;us_ajax_grid&quot;,&quot;infinite_scroll&quot;:0,&quot;max_num_pages&quot;:1,&quot;pagination&quot;:&quot;none&quot;,&quot;template_vars&quot;:{&quot;columns&quot;:&quot;2&quot;,&quot;exclude_items&quot;:&quot;none&quot;,&quot;img_size&quot;:&quot;full&quot;,&quot;ignore_items_size&quot;:0,&quot;items_layout&quot;:&quot;gallery_default&quot;,&quot;items_offset&quot;:&quot;1&quot;,&quot;load_animation&quot;:&quot;none&quot;,&quot;overriding_link&quot;:&quot;%7B%22type%22%3A%22popup_image%22%7D&quot;,&quot;post_id&quot;:0,&quot;query_args&quot;:{&quot;post_type&quot;:[&quot;attachment&quot;],&quot;post__in&quot;:[&quot;9833&quot;,&quot;9830&quot;,&quot;9827&quot;,&quot;9824&quot;,&quot;9821&quot;,&quot;9818&quot;],&quot;post_status&quot;:&quot;inherit&quot;,&quot;post_mime_type&quot;:&quot;image&quot;,&quot;posts_per_page&quot;:&quot;6&quot;},&quot;orderby_query_args&quot;:{&quot;orderby&quot;:{&quot;post__in&quot;:&quot;ASC&quot;},&quot;order&quot;:&quot;ASC&quot;},&quot;type&quot;:&quot;grid&quot;,&quot;us_grid_post_type&quot;:&quot;attachment&quot;,&quot;us_grid_ajax_index&quot;:1,&quot;us_grid_filter_query_string&quot;:null,&quot;us_grid_index&quot;:1,&quot;page_args&quot;:[],&quot;lang&quot;:&quot;fr&quot;}}'><\/div>\r\n\t<\/div><div class=\"w-separator size_small\"><\/div><div class=\"wpb_text_column\"><div class=\"wpb_wrapper\"><div class=\"w-video-h\"><iframe loading=\"lazy\" src=\"https:\/\/www.youtube.com\/embed\/yCSS1bxlCyM?rel=0\" width=\"1177\" height=\"662\" frameborder=\"0\" allowfullscreen=\"allowfullscreen\"><\/iframe><\/div>\n<\/div><\/div><div class=\"w-separator size_small\"><\/div><div class=\"wpb_text_column\"><div class=\"wpb_wrapper\"><div class=\"w-video-h\"><iframe loading=\"lazy\" src=\"https:\/\/www.youtube.com\/embed\/LJZBVmvt9TY?rel=0\" width=\"997\" height=\"561\" frameborder=\"0\" allowfullscreen=\"allowfullscreen\"><\/iframe><\/div>\n<\/div><\/div><\/div><\/div><\/div><div class=\"vc_col-sm-3 wpb_column vc_column_container\"><div class=\"vc_column-inner\"><div class=\"wpb_wrapper\"><section class=\"l-section wpb_row height_auto width_full\"><div class=\"l-section-h i-cf\"><div class=\"g-cols vc_row via_flex valign_top type_default stacking_default\"><div class=\"vc_col-sm-12 wpb_column vc_column_container\"><div class=\"vc_column-inner\"><div class=\"wpb_wrapper\"><div class=\"wpb_text_column\"><div class=\"wpb_wrapper\"><h2>Nos services<\/h2>\n<\/div><\/div><div class=\"w-separator size_medium\"><\/div><nav class=\"w-menu layout_ver style_links us_menu_1\" style=\"--main-gap:1.5rem;--main-ver-indent:0.8em;--main-hor-indent:0.8em;--main-color:inherit;\"><ul id=\"menu-dienstleistungen-franzoesisch\" class=\"menu\"><li id=\"menu-item-8422\" class=\"menu-item menu-item-type-post_type menu-item-object-page menu-item-8422\"><a href=\"https:\/\/www.taf-taucharbeiten.ch\/fr\/nos-services\/centrales-nucleaires\/\">Centrales nucl\u00e9aires<\/a><\/li><li id=\"menu-item-9380\" class=\"menu-item menu-item-type-post_type menu-item-object-page menu-item-9380\"><a href=\"https:\/\/www.taf-taucharbeiten.ch\/fr\/nos-services\/conduites-sous-lacustres\/\">Conduites sous-lacustres<\/a><\/li><li id=\"menu-item-8424\" class=\"menu-item menu-item-type-post_type menu-item-object-page menu-item-8424\"><a href=\"https:\/\/www.taf-taucharbeiten.ch\/fr\/nos-services\/construction-de-pontons-et-ponts\/\">Construction de pontons et ponts<\/a><\/li><li id=\"menu-item-8423\" class=\"menu-item menu-item-type-post_type menu-item-object-page menu-item-8423\"><a href=\"https:\/\/www.taf-taucharbeiten.ch\/fr\/nos-services\/installations-industrielles\/\">Installations industrielles<\/a><\/li><li id=\"menu-item-11762\" class=\"menu-item menu-item-type-post_type menu-item-object-page menu-item-11762\"><a href=\"https:\/\/www.taf-taucharbeiten.ch\/fr\/nos-services\/les-inspections-la-localisation-et-lesa-nettoyages-rov\/\">Les inspections, la localisation et lesa nettoyages ROV<\/a><\/li><li id=\"menu-item-11761\" class=\"menu-item menu-item-type-post_type menu-item-object-page menu-item-11761\"><a href=\"https:\/\/www.taf-taucharbeiten.ch\/fr\/nos-services\/linspection-des-canalisations-et-la-mesure-laser-crawler-a-150\/\">L\u2019inspection des canalisations et la mesure laser, Crawler A-150<\/a><\/li><li id=\"menu-item-9379\" class=\"menu-item menu-item-type-post_type menu-item-object-page menu-item-9379\"><a href=\"https:\/\/www.taf-taucharbeiten.ch\/fr\/nos-services\/moules-quagga-et-de-type-zebre\/\">Moules Quagga et de type z\u00e8bre<\/a><\/li><li id=\"menu-item-8428\" class=\"menu-item menu-item-type-post_type menu-item-object-page menu-item-8428\"><a href=\"https:\/\/www.taf-taucharbeiten.ch\/fr\/nos-services\/mta-pipe-electroscan\/\">MTA Pipe Electroscan<\/a><\/li><li id=\"menu-item-8427\" class=\"menu-item menu-item-type-post_type menu-item-object-page menu-item-8427\"><a href=\"https:\/\/www.taf-taucharbeiten.ch\/fr\/nos-services\/mta-pipe-inspector\/\">MTA Pipe Inspector<\/a><\/li><li id=\"menu-item-9964\" class=\"menu-item menu-item-type-post_type menu-item-object-page menu-item-9964\"><a href=\"https:\/\/www.taf-taucharbeiten.ch\/fr\/nos-services\/multibeam\/\">Multibeam<\/a><\/li><li id=\"menu-item-11869\" class=\"menu-item menu-item-type-post_type menu-item-object-page menu-item-11869\"><a href=\"https:\/\/www.taf-taucharbeiten.ch\/fr\/nos-services\/lutte-contre-les-neophytes\/\">Lutte contre les n\u00e9ophytes<\/a><\/li><li id=\"menu-item-9378\" class=\"menu-item menu-item-type-post_type menu-item-object-page menu-item-9378\"><a href=\"https:\/\/www.taf-taucharbeiten.ch\/fr\/nos-services\/pelle-araignee-menzi-muck\/\">Pelle araign\u00e9e Menzi Muck<\/a><\/li><li id=\"menu-item-8418\" class=\"menu-item menu-item-type-post_type menu-item-object-page menu-item-8418\"><a href=\"https:\/\/www.taf-taucharbeiten.ch\/fr\/nos-services\/renovation-des-berges-murs-et-ouvrages\/\">R\u00e9novation des berges, murs et ouvrages<\/a><\/li><li id=\"menu-item-8421\" class=\"menu-item menu-item-type-post_type menu-item-object-page menu-item-8421\"><a href=\"https:\/\/www.taf-taucharbeiten.ch\/fr\/nos-services\/stations-depuration-des-eaux-usees\/\">Stations d\u2019\u00e9puration des eaux us\u00e9es<\/a><\/li><li id=\"menu-item-8420\" class=\"menu-item menu-item-type-post_type menu-item-object-page menu-item-8420\"><a href=\"https:\/\/www.taf-taucharbeiten.ch\/fr\/nos-services\/travaux-amphibiques\/\">Travaux amphibiques<\/a><\/li><li id=\"menu-item-8417\" class=\"menu-item menu-item-type-post_type menu-item-object-page menu-item-8417\"><a href=\"https:\/\/www.taf-taucharbeiten.ch\/fr\/nos-services\/travaux-de-construction-demolition-sous-marins\/\">Travaux de construction \/ d\u00e9molition sous-marins<\/a><\/li><li id=\"menu-item-8425\" class=\"menu-item menu-item-type-post_type menu-item-object-page menu-item-8425\"><a href=\"https:\/\/www.taf-taucharbeiten.ch\/fr\/nos-services\/travaux-de-devasement-le-mudmaster\/\">Travaux de d\u00e9vasement: le Mudmaster<\/a><\/li><li id=\"menu-item-8419\" class=\"menu-item menu-item-type-post_type menu-item-object-page menu-item-8419\"><a href=\"https:\/\/www.taf-taucharbeiten.ch\/fr\/nos-services\/eau-potable\/\">Zone d&rsquo;eau potable<\/a><\/li><\/ul><style>@media ( max-width:600px ){.us_menu_1 .menu{display:block!important}.us_menu_1 .menu>li:not(:last-child){margin:0 0 var(--main-gap,1.5rem)!important}}<\/style><\/nav><div class=\"w-separator size_medium\"><\/div><div class=\"w-btn-wrapper align_center\"><a class=\"w-btn us-btn-style_11\" title=\"Demande de service\" href=\"\/fr\/demande-de-service\/\"><span class=\"w-btn-label\">Demande de service<\/span><\/a><\/div><div class=\"w-separator size_medium\"><\/div><div class=\"wpb_text_column\"><div class=\"wpb_wrapper\"><p><a href=\"\/wp-content\/uploads\/2025\/04\/TAF_Doku_FR_2025_mail.pdf\" target=\"_blank\" rel=\"noopener noreferrer\"><img loading=\"lazy\" decoding=\"async\" class=\"myresponsive aligncenter wp-image-8156 size-full\" title=\"T\u00e9l\u00e9charger le portrait de l'entreprise\" src=\"https:\/\/www.taf-taucharbeiten.ch\/wp-content\/uploads\/2020\/05\/Brochuere-DE-2021.png\" alt=\"Firmenportrait herunterladen\" width=\"400\" height=\"515\" srcset=\"https:\/\/www.taf-taucharbeiten.ch\/wp-content\/uploads\/2020\/05\/Brochuere-DE-2021.png 400w, https:\/\/www.taf-taucharbeiten.ch\/wp-content\/uploads\/2020\/05\/Brochuere-DE-2021-233x300.png 233w\" sizes=\"auto, (max-width: 400px) 100vw, 400px\" \/><\/a><\/p>\n<p class=\"myimagetext\">T\u00e9l\u00e9charger le portrait de l&rsquo;entreprise<\/p>\n<\/div><\/div><div class=\"w-separator size_small\"><\/div><div class=\"w-btn-wrapper align_center\"><a class=\"w-btn us-btn-style_1\" title=\"Brochure d&#039;entreprise interactive\" target=\"_blank\" rel=\"nofollow\" href=\"https:\/\/www.unserebroschuere.ch\/taf_fra\/WebView\/\"><span class=\"w-btn-label\">Brochure d&rsquo;entreprise interactive<\/span><\/a><\/div><\/div><\/div><\/div><\/div><\/div><\/section>\n<\/div><\/div><\/div><\/div><\/div><\/section>\n","protected":false},"excerpt":{"rendered":"<p>Nos lacs, situ\u00e9s principalement dans des r\u00e9gions dens\u00e9ment peupl\u00e9es, sont les interfaces de connexion les plus directes pour les r\u00e9seaux \u00e9lectriques ou de communication ainsi que les conduites d\u2019eau, d\u2019air et de gaz.<\/p>\n","protected":false},"author":5,"featured_media":9292,"parent":8345,"menu_order":0,"comment_status":"closed","ping_status":"closed","template":"","meta":{"_seopress_robots_primary_cat":"","_seopress_titles_title":"Conduites sous-lacustres - TAF Taucharbeiten","_seopress_titles_desc":"Nos lacs, situ\u00e9s principalement dans des r\u00e9gions dens\u00e9ment peupl\u00e9es, sont les interfaces de connexion les plus directes pour les r\u00e9seaux \u00e9lectriques ou de communication ainsi que les conduites d\u2019eau, d\u2019air et de gaz.","_seopress_robots_index":"","footnotes":""},"slider-kategorie":[],"class_list":["post-9303","page","type-page","status-publish","has-post-thumbnail","hentry"],"_links":{"self":[{"href":"https:\/\/www.taf-taucharbeiten.ch\/fr\/wp-json\/wp\/v2\/pages\/9303","targetHints":{"allow":["GET"]}}],"collection":[{"href":"https:\/\/www.taf-taucharbeiten.ch\/fr\/wp-json\/wp\/v2\/pages"}],"about":[{"href":"https:\/\/www.taf-taucharbeiten.ch\/fr\/wp-json\/wp\/v2\/types\/page"}],"author":[{"embeddable":true,"href":"https:\/\/www.taf-taucharbeiten.ch\/fr\/wp-json\/wp\/v2\/users\/5"}],"replies":[{"embeddable":true,"href":"https:\/\/www.taf-taucharbeiten.ch\/fr\/wp-json\/wp\/v2\/comments?post=9303"}],"version-history":[{"count":6,"href":"https:\/\/www.taf-taucharbeiten.ch\/fr\/wp-json\/wp\/v2\/pages\/9303\/revisions"}],"predecessor-version":[{"id":11036,"href":"https:\/\/www.taf-taucharbeiten.ch\/fr\/wp-json\/wp\/v2\/pages\/9303\/revisions\/11036"}],"up":[{"embeddable":true,"href":"https:\/\/www.taf-taucharbeiten.ch\/fr\/wp-json\/wp\/v2\/pages\/8345"}],"wp:featuredmedia":[{"embeddable":true,"href":"https:\/\/www.taf-taucharbeiten.ch\/fr\/wp-json\/wp\/v2\/media\/9292"}],"wp:attachment":[{"href":"https:\/\/www.taf-taucharbeiten.ch\/fr\/wp-json\/wp\/v2\/media?parent=9303"}],"wp:term":[{"taxonomy":"slider-kategorie","embeddable":true,"href":"https:\/\/www.taf-taucharbeiten.ch\/fr\/wp-json\/wp\/v2\/slider-kategorie?post=9303"}],"curies":[{"name":"wp","href":"https:\/\/api.w.org\/{rel}","templated":true}]}}